{"id":28,"date":"2023-06-29T11:42:19","date_gmt":"2023-06-29T11:42:19","guid":{"rendered":"https:\/\/www.liposuccioncdmx.com\/?p=28"},"modified":"2024-04-22T13:36:02","modified_gmt":"2024-04-22T13:36:02","slug":"home","status":"publish","type":"page","link":"https:\/\/www.liposuccioncdmx.com\/","title":{"rendered":"Home"},"content":{"rendered":"<h1>\n<p>Dr. Xavier<\/p>\n<p>S\u00e1nchez<\/p>\n<p>Garc\u00eda<\/p>\n<\/h1>\n<h1>\n<p>Dr. Xavier<\/p>\n<p>S\u00e1nchez<\/p>\n<p>Garc\u00eda<\/p>\n<\/h1>\n<div>CIRUJANO PL\u00c1STICO CERTIFICADO<br \/>Resultados excepcionales | Alto profesionalismo m\u00e9dico | T\u00e9cnicas de vanguardia.<\/div>\n<div>Hospital \u00c1ngeles Pedregal<\/div>\n<div>\n<p>Torre \u00c1ngeles<br \/>Consultorio 625-C<\/p>\n<\/div>\n<p>\n    <a href=\"mailto:info@example.com\">RESERVA TU CITA<\/a>\n<\/p>\n<div>Cont\u00e1ctanos<\/div>\n<div><a href=\"tel:+55512345678\">+ 52 55685056<\/a><\/div>\n<div><a href=\"mailto:email@example.com\">info@example.com<\/a><\/div>\n<p><img decoding=\"async\" src=\"\/wp-content\/uploads\/2024\/04\/cirujano-plastico-certificado-cdmx-sur.jpg\" alt=\"Dr. Xavier S\u00e1nchez Cirujano Pl\u00e1stico M\u00e9xico\"><br \/>\n<img decoding=\"async\" src=\"\/wp-content\/uploads\/2024\/04\/cirujano-plastico-certificado-mexico.jpg\" alt=\"dr xavier sanchez cirujano plastico cdmx\"><br \/>\n<img decoding=\"async\" src=\"\/wp-content\/uploads\/2024\/04\/cirujano-plastico-cdmx-sur.jpg\" alt=\"dr xavier sanchez cirujano plastico mexico 2024\"><br \/>\n<img decoding=\"async\" src=\"\/wp-content\/uploads\/2024\/04\/cirujano-plastico-xavier-sanchez1.jpg\" alt=\"el mejor cirujano plastico de mexico dr xavier sanchez\"><\/p>\n<div>Expert services tailored to you,<br class=\"uk-visible@l\"> delivering confidence and glow.<br class=\"uk-visible@l\"> Discover beauty transformed. <\/div>\n<div>Nuestros Servicios.<\/div>\n<ul>\n<li>\n<p>        <img decoding=\"async\" src=\"\/wp-content\/uploads\/2024\/03\/lipectomia-cdmx-2024.jpg\" alt=\"lipectomia cdmx 2024\"><\/p>\n<h2>Lipectom\u00eda \u00f3<br \/> Abdominoplast\u00eda<\/h2>\n<p>lipectomia cdmx<\/p>\n<p><a href=\"\/index.php?page_id=35\">Explore<\/a><\/p>\n<\/li>\n<li>\n<p>        <img decoding=\"async\" src=\"\/wp-content\/uploads\/2024\/03\/aumento-mamario-cdmx-2024-2.jpg\" alt=\"aumento mamario cdmx 2024\"><\/p>\n<h2>Aumento Mamario<\/h2>\n<p>aumento mamario cdmx<\/p>\n<p><a href=\"\/index.php?page_id=36\">Explore<\/a><\/p>\n<\/li>\n<li>\n<p>        <img decoding=\"async\" src=\"\/wp-content\/uploads\/2024\/03\/liposuccion-vaser-cdmx-2024.jpg\" alt=\"Liposuccion vaser en cdmx 2024\"><\/p>\n<h2>Liposucci\u00f3n<br \/> Vaser<\/h2>\n<p>liposuccion vaser<\/p>\n<p><a href=\"\/index.php?page_id=37\">Explore<\/a><\/p>\n<\/li>\n<li>\n<p>        <img decoding=\"async\" src=\"\/wp-content\/uploads\/2024\/03\/rinoplastia-cdmx-2024.jpg\" alt=\"rinoplasstia cdmx 2024\"><\/p>\n<h2>Cirug\u00eda <br \/>de nariz<\/h2>\n<p>rinoplastia cdmx <\/p>\n<p><a href=\"\/index.php?page_id=38\">Explore<\/a><\/p>\n<\/li>\n<li>\n<p>        <img decoding=\"async\" src=\"\/wp-content\/uploads\/2024\/03\/lifting-facial-cdmx-2024.jpg\" alt=\"lifting facial cdmx 2024\"><\/p>\n<h2>Lifting Facial<\/h2>\n<p>linfting facial cdmx<\/p>\n<p><a href=\"\/index.php?page_id=39\">Explore<\/a><\/p>\n<\/li>\n<\/ul>\n<ul>\n<li>\n<p>        <img decoding=\"async\" src=\"\/wp-content\/uploads\/2024\/03\/lipectomia-cdmx-2024.jpg\" alt=\"lipectomia cdmx 2024\"><\/p>\n<h2>Lipectom\u00eda \u00f3<br \/> Abdominoplast\u00eda<\/h2>\n<p>lipectomia cdmx<\/p>\n<p><a href=\"\/index.php?page_id=35\">Explore<\/a><\/p>\n<\/li>\n<li>\n<p>        <img decoding=\"async\" src=\"\/wp-content\/uploads\/2024\/03\/aumento-mamario-cdmx-2024-2.jpg\" alt=\"aumento mamario cdmx 2024\"><\/p>\n<h2>Aumento<br \/>Mamario<\/h2>\n<p>aumento mamario cdmx<\/p>\n<p><a href=\"\/index.php?page_id=36\">Explore<\/a><\/p>\n<\/li>\n<li>\n<p>        <img decoding=\"async\" src=\"\/wp-content\/uploads\/2024\/03\/liposuccion-vaser-cdmx-2024.jpg\" alt=\"Liposuccion vaser en cdmx 2024\"><\/p>\n<h2>Liposucci\u00f3n<br \/> Vaser<\/h2>\n<p>liposuccion vaser<\/p>\n<p><a href=\"\/index.php?page_id=37\">Explore<\/a><\/p>\n<\/li>\n<li>\n<p>        <img decoding=\"async\" src=\"\/wp-content\/uploads\/2024\/03\/rinoplastia-cdmx-2024.jpg\" alt=\"rinoplasstia cdmx 2024\"><\/p>\n<h2>Cirug\u00eda <br \/>de nariz<\/h2>\n<p>rinoplastia cdmx <\/p>\n<p><a href=\"\/index.php?page_id=38\">Explore<\/a><\/p>\n<\/li>\n<li>\n<p>        <img decoding=\"async\" src=\"\/wp-content\/uploads\/2024\/03\/lifting-facial-cdmx-2024.jpg\" alt=\"lifting facial cdmx 2024\"><\/p>\n<h2>Lifting Facial<\/h2>\n<p>linfting facial cdmx<\/p>\n<p><a href=\"\/index.php?page_id=39\">Explore<\/a><\/p>\n<\/li>\n<\/ul>\n<div>Liposucci\u00f3n <br \/>de Alta Definici\u00f3n<\/div>\n<div>La lipoescultura de Alta Definici\u00f3n ha revolucionado las intervenciones quir\u00fargicas: Act\u00faa emulsificando la grasa para convertirla en liquida, adem\u00e1s, facilita su extracci\u00f3n por lo que reduce el dolor, la inflamaci\u00f3n, la fibrosis y la p\u00e9rdida de sangre dando como resultado una excelente figura de las \u00e1reas a tratar corporalmente y con una recuperaci\u00f3n r\u00e1pida del paciente..<\/div>\n<h2><a href=\"\/index.php?page_id=30\">Vaser<\/a><\/h2>\n<p><a href=\"\/index.php?page_id=30\"><img decoding=\"async\" src=\"\/wp-content\/uploads\/2024\/04\/cirujano-plastico-cdmx-xavier-sanchez-2024.jpg\" alt=\"dr xavier sanchez cirujano plastico cdmx\"><\/a><\/p>\n<h2><a href=\"\/index.php?page_id=30\">Vaser<\/a><\/h2>\n<p><img decoding=\"async\" src=\"\/wp-content\/uploads\/2024\/03\/liposuccion-vaser-cdmx-2.jpg\" alt=\"liposuccion de alta definicion cdmx 2024\"><\/p>\n<h2><a href=\"\/index.php?page_id=30#studio\">Lipo<\/a><\/h2>\n<p><a href=\"\/index.php?page_id=30#studio\"><img decoding=\"async\" src=\"\/wp-content\/uploads\/2024\/04\/lipo-de-alta-definicion-mexico.jpg\" alt=\"cirugia de lifting facial cdmx \"><\/a><\/p>\n<p><!--more--><br \/>\n<!-- {\"type\":\"layout\",\"children\":[{\"type\":\"section\",\"props\":{\"animation\":\"fade\",\"header_transparent\":false,\"header_transparent_noplaceholder\":false,\"image\":\"wp-content\\\/uploads\\\/2024\\\/03\\\/cirujano-plastico-mexico-cdmx-3.jpg\",\"image_effect\":\"parallax\",\"image_loading\":true,\"image_parallax_bgy\":\"40vh\",\"image_position\":\"top-center\",\"image_size\":\"cover\",\"image_width\":\"2560\",\"media_overlay\":\"rgba(0, 0, 0, 0.75)\",\"media_overlay_parallax_opacity\":\"0,1\",\"padding\":\"xlarge\",\"padding_remove_bottom\":false,\"padding_remove_top\":true,\"preserve_color\":false,\"style\":\"default\",\"text_color\":\"light\",\"title_breakpoint\":\"xl\",\"title_position\":\"top-left\",\"title_rotation\":\"left\",\"vertical_align\":\"\",\"width\":\"expand\"},\"children\":[{\"type\":\"row\",\"children\":[{\"type\":\"column\",\"props\":{\"image_position\":\"center-center\",\"position_sticky_breakpoint\":\"m\",\"vertical_align\":\"middle\"},\"children\":[{\"type\":\"headline\",\"props\":{\"animation\":\"none\",\"content\":\"\n\n<p>Dr. Xavier<\\\/p>\\n\n\n<p>S\\u00e1nchez<\\\/p>\\n\n\n<p>Garc\\u00eda<\\\/p>\",\"title_color\":\"background\",\"title_element\":\"h1\",\"title_style\":\"heading-xlarge\",\"visibility\":\"s\"}},{\"type\":\"headline\",\"props\":{\"animation\":\"none\",\"content\":\"\n\n<p>Dr. Xavier<\\\/p>\\n\n\n<p>S\\u00e1nchez<\\\/p>\\n\n\n<p>Garc\\u00eda<\\\/p>\",\"css\":\"@media(min-width: 1200px) {\\n    .el-element { margin-top: 20vh; }\\n}\",\"title_color\":\"background\",\"title_element\":\"h1\",\"title_style\":\"heading-xlarge\",\"visibility\":\"hidden-s\"}}]}],\"props\":{\"height\":\"viewport\",\"height_offset_top\":true,\"margin\":\"remove-vertical\"}},{\"type\":\"row\",\"props\":{\"margin\":\"remove-vertical\"},\"children\":[{\"type\":\"column\",\"props\":{\"image_position\":\"center-center\",\"position_sticky_breakpoint\":\"m\"},\"children\":[{\"type\":\"headline\",\"props\":{\"animation\":\"none\",\"content\":\"CIRUJANO PL\\u00c1STICO CERTIFICADO<br \\\/>Resultados excepcionales | Alto profesionalismo m\\u00e9dico | T\\u00e9cnicas de vanguardia.\",\"margin\":\"xlarge\",\"maxwidth\":\"2xlarge\",\"title_element\":\"div\",\"title_style\":\"h2\"}}]}]},{\"type\":\"row\",\"props\":{\"css\":\"@media(min-width: 1200px) {\\n    .el-row { margin-top: 30vh!important; }\\n}\",\"layout\":\"1-3,1-3,1-3\",\"margin\":\"xlarge\",\"margin_remove_bottom\":false,\"margin_remove_top\":false,\"row_gap\":\"large\",\"width\":\"expand\"},\"children\":[{\"type\":\"column\",\"props\":{\"image_position\":\"center-center\",\"position_sticky_breakpoint\":\"m\",\"width_large\":\"expand\"}},{\"type\":\"column\",\"props\":{\"image_position\":\"center-center\",\"position_sticky_breakpoint\":\"m\",\"width_large\":\"1-3\",\"width_medium\":\"1-2\",\"width_xlarge\":\"1-4\"},\"children\":[{\"type\":\"headline\",\"props\":{\"content\":\"Hospital \\u00c1ngeles Pedregal\",\"margin\":\"medium\",\"title_element\":\"div\",\"title_style\":\"h4\"}},{\"type\":\"text\",\"props\":{\"block_align\":\"right\",\"column_breakpoint\":\"m\",\"content\":\"\n\n<p>Torre \\u00c1ngeles<br \\\/>Consultorio 625-C<\\\/p>\",\"margin\":\"medium\",\"margin_remove_top\":true,\"text_color\":\"emphasis\",\"text_style\":\"large\"}},{\"type\":\"button\",\"props\":{\"button_size\":\"large\",\"grid_column_gap\":\"small\",\"grid_row_gap\":\"small\",\"margin\":\"\"},\"children\":[{\"type\":\"button_item\",\"props\":{\"button_style\":\"text\",\"content\":\"RESERVA TU CITA\",\"icon_align\":\"left\",\"link\":\"mailto:info@example.com\"}}]}]},{\"type\":\"column\",\"props\":{\"image_position\":\"center-center\",\"position_sticky_breakpoint\":\"m\",\"width_large\":\"1-3\",\"width_medium\":\"1-2\",\"width_xlarge\":\"1-4\"},\"children\":[{\"type\":\"headline\",\"props\":{\"content\":\"Cont\\u00e1ctanos\",\"margin\":\"medium\",\"title_element\":\"div\",\"title_style\":\"h4\"}},{\"type\":\"headline\",\"props\":{\"content\":\"+ 52 55685056\",\"link\":\"tel:+55512345678\",\"margin\":\"remove-vertical\",\"margin_remove_top\":true,\"title_element\":\"div\",\"title_style\":\"text-large\"}},{\"type\":\"headline\",\"props\":{\"content\":\"info@example.com\",\"link\":\"mailto:email@example.com\",\"margin_remove_top\":true,\"title_element\":\"div\",\"title_style\":\"text-large\"}}]}]}],\"name\":\"Hero\"},{\"type\":\"section\",\"props\":{\"image_position\":\"center-center\",\"style\":\"default\",\"title_breakpoint\":\"xl\",\"title_position\":\"top-left\",\"title_rotation\":\"left\",\"vertical_align\":\"middle\",\"width\":\"default\"},\"children\":[{\"type\":\"row\",\"props\":{\"layout\":\"1-4,1-4,1-4,1-4|1-2,1-2,1-2,1-2\"},\"children\":[{\"type\":\"column\",\"props\":{\"image_position\":\"center-center\",\"position_sticky_breakpoint\":\"m\",\"width_medium\":\"1-4\",\"width_small\":\"1-2\"},\"children\":[{\"type\":\"image\",\"props\":{\"image\":\"wp-content\\\/uploads\\\/2024\\\/04\\\/cirujano-plastico-certificado-cdmx-sur.jpg\",\"image_alt\":\"Dr. Xavier S\\u00e1nchez Cirujano Pl\\u00e1stico M\\u00e9xico\",\"image_svg_color\":\"emphasis\",\"margin\":\"default\",\"text_align\":\"center\"}}]},{\"type\":\"column\",\"props\":{\"image_position\":\"center-center\",\"position_sticky_breakpoint\":\"m\",\"width_medium\":\"1-4\",\"width_small\":\"1-2\"},\"children\":[{\"type\":\"image\",\"props\":{\"image\":\"wp-content\\\/uploads\\\/2024\\\/04\\\/cirujano-plastico-certificado-mexico.jpg\",\"image_alt\":\"dr xavier sanchez cirujano plastico cdmx\",\"image_svg_color\":\"emphasis\",\"margin\":\"default\",\"text_align\":\"center\"}}]},{\"type\":\"column\",\"props\":{\"image_position\":\"center-center\",\"position_sticky_breakpoint\":\"m\",\"width_medium\":\"1-4\",\"width_small\":\"1-2\"},\"children\":[{\"type\":\"image\",\"props\":{\"image\":\"wp-content\\\/uploads\\\/2024\\\/04\\\/cirujano-plastico-cdmx-sur.jpg\",\"image_alt\":\"dr xavier sanchez cirujano plastico mexico 2024\",\"image_svg_color\":\"emphasis\",\"margin\":\"default\",\"text_align\":\"center\"}}]},{\"type\":\"column\",\"props\":{\"image_position\":\"center-center\",\"position_sticky_breakpoint\":\"m\",\"width_medium\":\"1-4\",\"width_small\":\"1-2\"},\"children\":[{\"type\":\"image\",\"props\":{\"image\":\"wp-content\\\/uploads\\\/2024\\\/04\\\/cirujano-plastico-xavier-sanchez1.jpg\",\"image_alt\":\"el mejor cirujano plastico de mexico dr xavier sanchez\",\"image_svg_color\":\"emphasis\",\"margin\":\"default\",\"text_align\":\"center\"}}]}]}],\"name\":\"certificaciones-logos\"},{\"type\":\"section\",\"props\":{\"animation\":\"fade\",\"height\":\"viewport\",\"height_viewport\":200,\"image_position\":\"center-center\",\"padding\":\"large\",\"padding_remove_bottom\":true,\"padding_remove_top\":true,\"style\":\"default\",\"title_breakpoint\":\"xl\",\"title_position\":\"top-left\",\"title_rotation\":\"left\",\"vertical_align\":\"middle\",\"width\":\"xlarge\"},\"children\":[{\"type\":\"row\",\"props\":{\"margin\":\"xlarge\",\"margin_remove_top\":false,\"width\":\"expand\"},\"children\":[{\"type\":\"column\",\"props\":{\"image_position\":\"center-center\",\"position_sticky\":\"section\",\"position_sticky_breakpoint\":\"\",\"position_sticky_offset\":\"50vh - 50%\"},\"children\":[{\"type\":\"headline\",\"props\":{\"content\":\"Expert services tailored to you,<br class=\\\"uk-visible@l\\\"> delivering confidence and glow.<br class=\\\"uk-visible@l\\\"> Discover beauty transformed. \",\"margin\":\"large\",\"title_element\":\"div\",\"title_style\":\"heading-small\",\"visibility\":\"xl\"}},{\"type\":\"headline\",\"props\":{\"content\":\"Nuestros Servicios.\",\"margin\":\"large\",\"title_element\":\"div\",\"title_style\":\"heading-small\",\"visibility\":\"hidden-xl\"}},{\"type\":\"overlay-slider\",\"props\":{\"animation\":\"none\",\"link_margin\":\"medium\",\"link_style\":\"text\",\"link_text\":\"Explore\",\"link_transition\":\"slide-bottom-medium\",\"margin\":\"default\",\"meta_align\":\"below-title\",\"meta_element\":\"div\",\"meta_style\":\"text-meta\",\"nav\":\"\",\"nav_align\":\"center\",\"nav_breakpoint\":\"s\",\"overlay_active_first\":true,\"overlay_display\":\"active\",\"overlay_link\":false,\"overlay_mode\":\"cover\",\"overlay_position\":\"center\",\"overlay_style\":\"overlay-default\",\"overlay_transition\":\"fade\",\"overlay_transition_background\":false,\"show_content\":true,\"show_hover_image\":true,\"show_link\":true,\"show_meta\":false,\"show_title\":true,\"slidenav\":\"\",\"slidenav_breakpoint\":\"s\",\"slidenav_hover\":false,\"slidenav_margin\":\"medium\",\"slidenav_outside_breakpoint\":\"xl\",\"slider_autoplay_pause\":true,\"slider_center\":true,\"slider_divider\":false,\"slider_finite\":false,\"slider_gap\":\"small\",\"slider_parallax\":true,\"slider_parallax_end\":\"100vh\",\"slider_parallax_start\":\"100vh\",\"slider_parallax_target\":\"!.uk-section\",\"slider_width\":\"fixed\",\"slider_width_default\":\"4-5\",\"slider_width_medium\":\"1-3\",\"slider_width_small\":\"3-5\",\"text_align\":\"center\",\"title_element\":\"h2\",\"title_hover_style\":\"reset\",\"title_link\":false,\"title_style\":\"h2\",\"title_transition\":\"slide-bottom-medium\",\"visibility\":\"s\"},\"children\":[{\"type\":\"overlay-slider_item\",\"props\":{\"image\":\"wp-content\\\/uploads\\\/2024\\\/03\\\/lipectomia-cdmx-2024.jpg\",\"image_alt\":\"lipectomia cdmx 2024\",\"link\":\"index.php?page_id=35\",\"meta\":\"lipectomia cdmx\",\"title\":\"Lipectom\\u00eda \\u00f3<br \/> Abdominoplast\\u00eda\"}},{\"type\":\"overlay-slider_item\",\"props\":{\"image\":\"wp-content\\\/uploads\\\/2024\\\/03\\\/aumento-mamario-cdmx-2024-2.jpg\",\"image_alt\":\"aumento mamario cdmx 2024\",\"link\":\"index.php?page_id=36\",\"meta\":\"aumento mamario cdmx\",\"title\":\"Aumento Mamario\"}},{\"type\":\"overlay-slider_item\",\"props\":{\"image\":\"wp-content\\\/uploads\\\/2024\\\/03\\\/liposuccion-vaser-cdmx-2024.jpg\",\"image_alt\":\"Liposuccion vaser en cdmx 2024\",\"link\":\"index.php?page_id=37\",\"meta\":\"liposuccion vaser\",\"title\":\"Liposucci\\u00f3n<br \/> Vaser\"}},{\"type\":\"overlay-slider_item\",\"props\":{\"image\":\"wp-content\\\/uploads\\\/2024\\\/03\\\/rinoplastia-cdmx-2024.jpg\",\"image_alt\":\"rinoplasstia cdmx 2024\",\"link\":\"index.php?page_id=38\",\"meta\":\"rinoplastia cdmx \",\"title\":\"Cirug\\u00eda <br \/>de nariz\"}},{\"type\":\"overlay-slider_item\",\"props\":{\"image\":\"wp-content\\\/uploads\\\/2024\\\/03\\\/lifting-facial-cdmx-2024.jpg\",\"image_alt\":\"lifting facial cdmx 2024\",\"link\":\"index.php?page_id=39\",\"meta\":\"linfting facial cdmx\",\"title\":\"Lifting Facial\"}}]},{\"type\":\"overlay-slider\",\"props\":{\"animation\":\"none\",\"link_margin\":\"medium\",\"link_style\":\"text\",\"link_text\":\"Explore\",\"link_transition\":\"slide-bottom-medium\",\"margin\":\"default\",\"meta_align\":\"below-title\",\"meta_element\":\"div\",\"meta_style\":\"text-meta\",\"nav\":\"\",\"nav_align\":\"center\",\"nav_breakpoint\":\"s\",\"overlay_active_first\":true,\"overlay_display\":\"active\",\"overlay_link\":false,\"overlay_mode\":\"cover\",\"overlay_position\":\"center\",\"overlay_style\":\"overlay-default\",\"overlay_transition\":\"fade\",\"overlay_transition_background\":false,\"show_content\":true,\"show_hover_image\":true,\"show_link\":true,\"show_meta\":false,\"show_title\":true,\"slidenav\":\"\",\"slidenav_breakpoint\":\"s\",\"slidenav_hover\":false,\"slidenav_margin\":\"medium\",\"slidenav_outside_breakpoint\":\"xl\",\"slider_autoplay_pause\":true,\"slider_center\":true,\"slider_divider\":false,\"slider_finite\":false,\"slider_gap\":\"small\",\"slider_parallax\":true,\"slider_parallax_end\":\"100vh\",\"slider_parallax_start\":\"100vh\",\"slider_parallax_target\":\"!.uk-section\",\"slider_width\":\"fixed\",\"slider_width_default\":\"4-5\",\"slider_width_medium\":\"1-3\",\"slider_width_small\":\"3-5\",\"text_align\":\"center\",\"title_element\":\"h2\",\"title_hover_style\":\"reset\",\"title_link\":false,\"title_style\":\"h3\",\"title_transition\":\"slide-bottom-medium\",\"visibility\":\"hidden-s\"},\"children\":[{\"type\":\"overlay-slider_item\",\"props\":{\"image\":\"wp-content\\\/uploads\\\/2024\\\/03\\\/lipectomia-cdmx-2024.jpg\",\"image_alt\":\"lipectomia cdmx 2024\",\"link\":\"index.php?page_id=35\",\"meta\":\"lipectomia cdmx\",\"title\":\"Lipectom\\u00eda \\u00f3<br \/> Abdominoplast\\u00eda\"}},{\"type\":\"overlay-slider_item\",\"props\":{\"image\":\"wp-content\\\/uploads\\\/2024\\\/03\\\/aumento-mamario-cdmx-2024-2.jpg\",\"image_alt\":\"aumento mamario cdmx 2024\",\"link\":\"index.php?page_id=36\",\"meta\":\"aumento mamario cdmx\",\"title\":\"Aumento<br \/>Mamario\"}},{\"type\":\"overlay-slider_item\",\"props\":{\"image\":\"wp-content\\\/uploads\\\/2024\\\/03\\\/liposuccion-vaser-cdmx-2024.jpg\",\"image_alt\":\"Liposuccion vaser en cdmx 2024\",\"link\":\"index.php?page_id=37\",\"meta\":\"liposuccion vaser\",\"title\":\"Liposucci\\u00f3n<br \/> Vaser\"}},{\"type\":\"overlay-slider_item\",\"props\":{\"image\":\"wp-content\\\/uploads\\\/2024\\\/03\\\/rinoplastia-cdmx-2024.jpg\",\"image_alt\":\"rinoplasstia cdmx 2024\",\"link\":\"index.php?page_id=38\",\"meta\":\"rinoplastia cdmx \",\"title\":\"Cirug\\u00eda <br \/>de nariz\"}},{\"type\":\"overlay-slider_item\",\"props\":{\"image\":\"wp-content\\\/uploads\\\/2024\\\/03\\\/lifting-facial-cdmx-2024.jpg\",\"image_alt\":\"lifting facial cdmx 2024\",\"link\":\"index.php?page_id=39\",\"meta\":\"linfting facial cdmx\",\"title\":\"Lifting Facial\"}}]}]}]}],\"name\":\"Services\"},{\"type\":\"section\",\"props\":{\"animation\":\"fade\",\"height\":\"viewport\",\"height_viewport\":80,\"image_position\":\"center-center\",\"padding\":\"xlarge\",\"padding_remove_top\":false,\"style\":\"primary\",\"title_breakpoint\":\"xl\",\"title_position\":\"top-left\",\"title_rotation\":\"left\",\"vertical_align\":\"middle\",\"width\":\"expand\"},\"children\":[{\"type\":\"row\",\"children\":[{\"type\":\"column\",\"props\":{\"image_position\":\"center-center\",\"position_sticky_breakpoint\":\"m\"},\"children\":[{\"type\":\"headline\",\"props\":{\"block_align\":\"center\",\"content\":\"Liposucci\\u00f3n <br \\\/>de Alta Definici\\u00f3n\",\"maxwidth\":\"2xlarge\",\"text_align\":\"left\",\"title_element\":\"div\",\"title_style\":\"heading-medium\"}},{\"type\":\"headline\",\"props\":{\"block_align\":\"center\",\"content\":\"La lipoescultura de Alta Definici\\u00f3n ha revolucionado las intervenciones quir\\u00fargicas: Act\\u00faa emulsificando la grasa para convertirla en liquida, adem\\u00e1s, facilita su extracci\\u00f3n por lo que reduce el dolor, la inflamaci\\u00f3n, la fibrosis y la p\\u00e9rdida de sangre dando como resultado una excelente figura de las \\u00e1reas a tratar corporalmente y con una recuperaci\\u00f3n r\\u00e1pida del paciente..\",\"maxwidth\":\"2xlarge\",\"title_element\":\"div\",\"title_style\":\"h4\"}}]}],\"props\":{\"row_gap\":\"large\"}},{\"type\":\"row\",\"props\":{\"column_gap\":\"medium\",\"layout\":\"1-4,1-2,1-4\",\"margin\":\"xlarge\",\"match\":false},\"children\":[{\"type\":\"column\",\"props\":{\"image_position\":\"center-center\",\"order_first\":\"l\",\"position_sticky_breakpoint\":\"m\",\"width_large\":\"1-4\",\"width_medium\":\"1-2\"},\"children\":[{\"type\":\"headline\",\"props\":{\"content\":\"Vaser\",\"link\":\"index.php?page_id=30\",\"title_color\":\"emphasis\",\"title_element\":\"h2\",\"title_style\":\"heading-large\",\"visibility\":\"hidden-m\"}},{\"type\":\"image\",\"props\":{\"animation\":\"parallax\",\"image\":\"wp-content\\\/uploads\\\/2024\\\/04\\\/cirujano-plastico-cdmx-xavier-sanchez-2024.jpg\",\"image_alt\":\"dr xavier sanchez cirujano plastico cdmx\",\"image_svg_color\":\"emphasis\",\"image_width\":\"710\",\"link\":\"index.php?page_id=30\",\"margin\":\"default\",\"margin_remove_top\":true,\"parallax_breakpoint\":\"m\",\"parallax_end\":\"50vh + 50%\",\"parallax_opacity\":\"0,1\",\"parallax_target\":\"!.uk-section\",\"parallax_x\":\"-20vw,0\"}},{\"type\":\"headline\",\"props\":{\"content\":\"Vaser\",\"link\":\"index.php?page_id=30\",\"margin\":\"remove-vertical\",\"margin_remove_bottom\":false,\"title_color\":\"emphasis\",\"title_element\":\"h2\",\"title_style\":\"heading-large\",\"visibility\":\"m\"}}]},{\"type\":\"column\",\"props\":{\"image_position\":\"center-center\",\"order_first\":\"xs\",\"position_sticky_breakpoint\":\"m\",\"width_large\":\"1-2\"},\"children\":[{\"type\":\"image\",\"props\":{\"animation\":\"parallax\",\"image\":\"wp-content\\\/uploads\\\/2024\\\/03\\\/liposuccion-vaser-cdmx-2.jpg\",\"image_alt\":\"liposuccion de alta definicion cdmx 2024\",\"image_svg_color\":\"emphasis\",\"image_width\":\"1230\",\"margin\":\"default\",\"parallax_breakpoint\":\"l\",\"parallax_end\":\"50vh + 50%\",\"parallax_opacity\":\"0,1\",\"parallax_target\":\"!.uk-section\",\"parallax_y\":\"40vh,0\"}}]},{\"type\":\"column\",\"props\":{\"image_position\":\"center-center\",\"order_first\":\"l\",\"position_sticky_breakpoint\":\"m\",\"vertical_align\":\"bottom\",\"width_large\":\"1-4\",\"width_medium\":\"1-2\"},\"children\":[{\"type\":\"headline\",\"props\":{\"animation\":\"parallax\",\"content\":\"Lipo\",\"link\":\"index.php?page_id=30#studio\",\"margin\":\"remove-vertical\",\"parallax_end\":\"50vh + 50%\",\"parallax_opacity\":\"0,1\",\"parallax_target\":\"!.uk-section\",\"title_element\":\"h2\",\"title_style\":\"heading-xlarge\"}},{\"type\":\"image\",\"props\":{\"animation\":\"parallax\",\"image\":\"wp-content\\\/uploads\\\/2024\\\/04\\\/lipo-de-alta-definicion-mexico.jpg\",\"image_alt\":\"cirugia de lifting facial cdmx \",\"image_svg_color\":\"emphasis\",\"image_width\":\"710\",\"link\":\"index.php?page_id=30#studio\",\"margin\":\"default\",\"parallax_breakpoint\":\"m\",\"parallax_end\":\"50vh + 50%\",\"parallax_opacity\":\"0,1\",\"parallax_target\":\"!.uk-section\",\"parallax_x\":\"20vw,0\"}}]}]}],\"name\":\"About\"}],\"version\":\"4.3.7\"} --><\/p>\n","protected":false},"excerpt":{"rendered":"<p>Dr. Xavier S\u00e1nchez Garc\u00eda Dr. Xavier S\u00e1nchez Garc\u00eda CIRUJANO PL\u00c1STICO CERTIFICADOResultados excepcionales | Alto profesionalismo m\u00e9dico | T\u00e9cnicas de vanguardia. Hospital \u00c1ngeles Pedregal Torre \u00c1ngelesConsultorio 625-C RESERVA TU CITA Cont\u00e1ctanos + 52 55685056 info@example.com Expert services tailored to you, delivering confidence and glow. Discover beauty transformed. Nuestros Servicios. Lipectom\u00eda \u00f3 Abdominoplast\u00eda lipectomia cdmx Explore Aumento [&hellip;]<\/p>\n","protected":false},"author":1,"featured_media":0,"parent":0,"menu_order":12,"comment_status":"open","ping_status":"open","template":"","meta":{"_acf_changed":false,"_jet_sm_ready_style":"","_jet_sm_style":"","_jet_sm_controls_values":"","_jet_sm_fonts_collection":"","_jet_sm_fonts_links":"","footnotes":""},"class_list":["post-28","page","type-page","status-publish","hentry"],"acf":[],"_links":{"self":[{"href":"https:\/\/www.liposuccioncdmx.com\/index.php?rest_route=\/wp\/v2\/pages\/28","targetHints":{"allow":["GET"]}}],"collection":[{"href":"https:\/\/www.liposuccioncdmx.com\/index.php?rest_route=\/wp\/v2\/pages"}],"about":[{"href":"https:\/\/www.liposuccioncdmx.com\/index.php?rest_route=\/wp\/v2\/types\/page"}],"author":[{"embeddable":true,"href":"https:\/\/www.liposuccioncdmx.com\/index.php?rest_route=\/wp\/v2\/users\/1"}],"replies":[{"embeddable":true,"href":"https:\/\/www.liposuccioncdmx.com\/index.php?rest_route=%2Fwp%2Fv2%2Fcomments&post=28"}],"version-history":[{"count":60,"href":"https:\/\/www.liposuccioncdmx.com\/index.php?rest_route=\/wp\/v2\/pages\/28\/revisions"}],"predecessor-version":[{"id":2584,"href":"https:\/\/www.liposuccioncdmx.com\/index.php?rest_route=\/wp\/v2\/pages\/28\/revisions\/2584"}],"wp:attachment":[{"href":"https:\/\/www.liposuccioncdmx.com\/index.php?rest_route=%2Fwp%2Fv2%2Fmedia&parent=28"}],"curies":[{"name":"wp","href":"https:\/\/api.w.org\/{rel}","templated":true}]}}