{"id":2672,"date":"2024-04-23T14:58:49","date_gmt":"2024-04-23T14:58:49","guid":{"rendered":"https:\/\/www.liposuccioncdmx.com\/?page_id=2672"},"modified":"2024-04-23T15:32:17","modified_gmt":"2024-04-23T15:32:17","slug":"reserva","status":"publish","type":"page","link":"https:\/\/www.liposuccioncdmx.com\/?page_id=2672","title":{"rendered":"Reserva"},"content":{"rendered":"<h1>Reserva tu<\/h1>\n<h1>CONSULTA DE VALORACI\u00d3N<\/h1>\n<h1>Reserva tu<\/h1>\n<h1>CONSULTA DE VALORACI\u00d3N<\/h1>\n<div>Recuerda que en la consulta de valoraci\u00f3n se determinan los procedimientos a los que eres candidato y se ofrece un plan de tratamiento, adem\u00e1s de establecer precios justos y competitivos para tu cirug\u00eda.<\/div>\n<div><div class=\"jet-fb-form-block\" data-is-block=\"jet-forms\/form-block\"><link rel=\"preconnect\" href=\"https:\/\/fonts.gstatic.com\"><style id=\"jet-form-builder-2675-inline-css\">.jet-sm-gb-8ac0fc85-0c2b-46a3-aca0-7c152780d671 .jet-form-builder__desc.jet-form-builder__desc.jet-form-builder__desc{background-color: ;} .jet-sm-gb-ca60f1f5-baac-41c5-8c58-e03ca2ed2512 .jet-form-builder__desc.jet-form-builder__desc.jet-form-builder__desc{background-color: ;} .jet-sm-gb-b973ffbe-06f1-43a7-9a1e-79c60c5bbc6e .jet-form-builder__desc.jet-form-builder__desc.jet-form-builder__desc{background-color: ;} .jet-sm-gb-7dea722f-b6b7-4455-90c9-4c1c36330f4c .jet-form-builder__action-button:hover:not(:disabled){background-color: ;} .jet-sm-gb-deb27bc4-5603-4985-876f-45c22693044e .jet-form-builder__action-button:hover:not(:disabled){background-color: ;} .jet-sm-gb-ee198802-77de-4418-ac7a-0c7c21d293e1 .jet-form-builder__action-button:hover:not(:disabled){background-color: ;} .jet-sm-gb-ee198802-77de-4418-ac7a-0c7c21d293e1 .jet-form-builder__action-button-wrapper{justify-content: center;} .jet-sm-gb-adfb9568-1176-4fea-b78d-30d462d6ead1 .jet-form-builder__desc.jet-form-builder__desc.jet-form-builder__desc{background-color: ;} .jet-sm-gb-04f97f6c-c6c8-411c-8d24-ef7574475681 .jet-form-builder__desc.jet-form-builder__desc.jet-form-builder__desc{background-color: ;} .jet-sm-gb-04f97f6c-c6c8-411c-8d24-ef7574475681 .jet-form-builder-row .jet-apb-calendar .jet-apb-calendar-slots.jet-apb-calendar-slots--active{padding: undefined undefined undefined undefined;} .jet-sm-gb-04f97f6c-c6c8-411c-8d24-ef7574475681 .jet-form-builder-row .jet-apb-slot{border-style:solid;border-width:1px 1px 1px 1px;border-radius:500px 500px 500px 500px;border-color:#ffffff;padding: 8px 16px 8px 16px;} .jet-sm-gb-04f97f6c-c6c8-411c-8d24-ef7574475681 .jet-form-builder-row .jet-apb-slot.jet-apb-slot--selected{} .jet-sm-gb-d5eaf52e-aa85-4aa2-9386-eb39c4a4c564 .jet-form-builder__desc.jet-form-builder__desc.jet-form-builder__desc{background-color: ;} <\/style><form  class=\"jet-form-builder layout-column submit-type-ajax\" action=\"https:\/\/www.liposuccioncdmx.com\/?jet_form_builder_submit=submit&amp;method=reload\" method=\"POST\" data-form-id=\"2675\" data-layout=\"column\" enctype=\"multipart\/form-data\" novalidate=\"null\">\r\n<input type=\"hidden\" name=\"_jfb_current_render_states[]\" value=\"DEFAULT.STATE\" data-jfb-sync \/><input type=\"hidden\" class=\"jet-form-builder__field hidden-field\" name=\"_jet_engine_booking_form_id\" data-field-name=\"_jet_engine_booking_form_id\" value=\"2675\">\n<input type=\"hidden\" class=\"jet-form-builder__field hidden-field\" name=\"_jet_engine_refer\" data-field-name=\"_jet_engine_refer\" value=\"https:\/\/www.liposuccioncdmx.com\/?rest_route=%2Fwp%2Fv2%2Fpages%2F2672\">\n<input type=\"hidden\" class=\"jet-form-builder__field hidden-field\" name=\"__queried_post_id\" data-field-name=\"__queried_post_id\" value=\"2672\">\n<div class=\"jet-form-builder-progress-pages jfb-progress-type--default jet-form-builder-progress-pages--global\" data-type=\"default\">\t<div class=\"jet-form-builder-progress-pages__item--wrapper active-page\" data-page=\"1\">\n\t\t<div class=\"jet-form-builder-progress-pages__item\">\n\t\t\t<div class=\"jet-form-builder-progress-pages__item--circle\">1<\/div>\n\t\t\t<div class=\"jet-form-builder-progress-pages__item--label\"> <\/div>\n\t\t<\/div>\n\t\t\t\t\t<div class=\"jet-form-builder-progress-pages__separator\"><\/div>\n\t\t\t<\/div>\n\t\t<div class=\"jet-form-builder-progress-pages__item--wrapper\" data-page=\"2\">\n\t\t<div class=\"jet-form-builder-progress-pages__item\">\n\t\t\t<div class=\"jet-form-builder-progress-pages__item--circle\">2<\/div>\n\t\t\t<div class=\"jet-form-builder-progress-pages__item--label\"> <\/div>\n\t\t<\/div>\n\t\t\t<\/div>\n\t<\/div>\n<input type=\"hidden\" class=\"jet-form-builder__field hidden-field\" name=\"service_id\" data-field-name=\"service_id\" data-jfb-sync=\"null\" value=\"2673\">\n\n\n\n\n<div class=\"jet-form-builder-page \" data-page=\"1\" data-page-offset=\"75\">\n\n\n\n<h2 class=\"wp-block-heading has-text-align-center\">Datos de contacto<\/h2>\n\n\n\n<div class=\"wp-block-group\"><div class=\"wp-block-group__inner-container is-layout-constrained wp-block-group-is-layout-constrained\">\n<div class=\"wp-block-columns is-layout-flex wp-container-core-columns-is-layout-9d6595d7 wp-block-columns-is-layout-flex\">\n<div class=\"wp-block-column is-layout-flow wp-block-column-is-layout-flow\"><div class=\" jet-sm-gb-wrapper jet-sm-gb-ca60f1f5-baac-41c5-8c58-e03ca2ed2512\" data-block-id=\"jet-sm-gb-ca60f1f5-baac-41c5-8c58-e03ca2ed2512\" ><div  class=\"jet-form-builder-row field-type-text-field\" >\n<div class=\"jet-form-builder__label\">\r\n<div class=\"jet-form-builder__label-text\">Nombre Completo <span class=\"jet-form-builder__required\">*<\/span><\/div><\/div><div class=\"jet-form-builder__field-wrap\">\n\t<input required=\"required\" name=\"nombre_completo\" id=\"nombre_completo\" type=\"text\" data-field-name=\"nombre_completo\" class=\"jet-form-builder__field text-field uk-input\" data-jfb-sync=\"null\">\n<\/div>\n<\/div><\/div><\/div>\n<\/div>\n<\/div><\/div>\n\n\n\n<div class=\"wp-block-group\"><div class=\"wp-block-group__inner-container is-layout-constrained wp-block-group-is-layout-constrained\">\n<div class=\"wp-block-columns is-layout-flex wp-container-core-columns-is-layout-9d6595d7 wp-block-columns-is-layout-flex\">\n<div class=\"wp-block-column is-layout-flow wp-block-column-is-layout-flow\"><div class=\" jet-sm-gb-wrapper jet-sm-gb-b973ffbe-06f1-43a7-9a1e-79c60c5bbc6e\" data-block-id=\"jet-sm-gb-b973ffbe-06f1-43a7-9a1e-79c60c5bbc6e\" ><div  class=\"jet-form-builder-row field-type-text-field\" >\n<div class=\"jet-form-builder__label\">\r\n<div class=\"jet-form-builder__label-text\">Tel\u00e9fono <span class=\"jet-form-builder__required\">*<\/span><\/div><\/div><div class=\"jet-form-builder__field-wrap\">\n\t<input required=\"required\" name=\"telefono\" id=\"telefono\" type=\"tel\" data-field-name=\"telefono\" class=\"jet-form-builder__field text-field uk-input\" data-jfb-sync=\"null\">\n<\/div>\n<\/div><\/div><\/div>\n\n\n\n<div class=\"wp-block-column is-layout-flow wp-block-column-is-layout-flow\"><div class=\" jet-sm-gb-wrapper jet-sm-gb-8ac0fc85-0c2b-46a3-aca0-7c152780d671\" data-block-id=\"jet-sm-gb-8ac0fc85-0c2b-46a3-aca0-7c152780d671\" ><div  class=\"jet-form-builder-row field-type-text-field\" >\n<div class=\"jet-form-builder__label\">\r\n<div class=\"jet-form-builder__label-text\">E-mail <span class=\"jet-form-builder__required\">*<\/span><\/div><\/div><div class=\"jet-form-builder__field-wrap\">\n\t<input required=\"required\" name=\"user_email\" id=\"user_email\" type=\"email\" data-field-name=\"user_email\" class=\"jet-form-builder__field text-field uk-input\" data-jfb-sync=\"null\">\n<\/div>\n<\/div><\/div><\/div>\n<\/div>\n<\/div><\/div>\n\n\n\n<p><small>No olvides proporcionarnos un n\u00famero telef\u00f3nico v\u00e1lido para confirmar tu consulta, ya que de no localizarte, daremos por cancelada tu reservaci\u00f3n.<\/small><\/p>\n\n\n\n<p>Recuerda que al proporcionarnos tus datos manifiestas estar de acuerdo con el Aviso de Privacidad publicado en nuestro Portal.<\/p>\n\n\n\n<div class=\"wp-block-columns is-layout-flex wp-container-core-columns-is-layout-9d6595d7 wp-block-columns-is-layout-flex\">\n<div class=\"wp-block-column is-layout-flow wp-block-column-is-layout-flow\"><\/div>\n\n\n\n<div class=\"wp-block-column uk-flex uk-flex-center is-layout-flow wp-block-column-is-layout-flow\" style=\"flex-basis:50%\"><div class=\" jet-sm-gb-wrapper jet-sm-gb-ee198802-77de-4418-ac7a-0c7c21d293e1\" data-block-id=\"jet-sm-gb-ee198802-77de-4418-ac7a-0c7c21d293e1\" ><div  class=\"jet-form-builder-row field-type-submit-field\" >\n\t<div data-type=\"next\" class=\"jet-form-builder__action-button-wrapper\">\n\t<button class=\"jet-form-builder__action-button uk-button uk-button-primary jet-form-builder__next-page\" type=\"button\" data-jfb-conditional=\"[{&quot;page_state&quot;:&quot;active&quot;}]\" data-jfb-func=\"disable\">Selecciona tu horario<\/button>\n\t<\/div>\n\t\n<\/div><\/div><\/div>\n\n\n\n<div class=\"wp-block-column is-layout-flow wp-block-column-is-layout-flow\"><\/div>\n<\/div>\n\n\n<div class=\"jet-form-builder__next-page-wrap\">\n\t\t\t<\/div>\n<\/div>\n<div class=\"jet-form-builder-page jet-form-builder-page--hidden\" data-page=\"2\" data-page-offset=\"75\">\n\n\n<h2 class=\"wp-block-heading has-text-align-center\">Fecha y Hora<\/h2>\n\n\n<div class=\" jet-sm-gb-wrapper jet-sm-gb-04f97f6c-c6c8-411c-8d24-ef7574475681\" data-block-id=\"jet-sm-gb-04f97f6c-c6c8-411c-8d24-ef7574475681\" ><div  class=\"jet-form-builder-row field-type-appointment-date\" >\n<div class=\"jet-apb-calendar-wrapper\">\n\t<div class=\"appointment-calendar jet-apb-calendar\" data-args=\"{&quot;booking_type&quot;:&quot;slot&quot;,&quot;excludedDates&quot;:[],&quot;datesMode&quot;:&quot;override_full&quot;,&quot;worksDates&quot;:[],&quot;datesRange&quot;:{&quot;start&quot;:0,&quot;end&quot;:0},&quot;availableWeekDays&quot;:[&quot;monday&quot;,&quot;tuesday&quot;,&quot;wednesday&quot;,&quot;thursday&quot;,&quot;friday&quot;],&quot;service&quot;:{&quot;field&quot;:&quot;service_id&quot;},&quot;providerIsset&quot;:false,&quot;provider&quot;:false,&quot;inputName&quot;:&quot;appointment_date&quot;,&quot;isRequired&quot;:false,&quot;allowedServices&quot;:false}\"><\/div>\n\n\t\t<div class=\"jet-apb-calendar-appointments-list-wrapper\" style=\"display: none\">\n\t\t<div class=\"jet-form-builder__heading\">\n\t\t\t<span class=\"jet-form-builder__label-text\">Fecha\/Hora seleccionada:<\/span>\n\t\t<\/div>\n\t\t<div class=\"jet-apb-calendar-appointments-list\"><\/div>\n\t<\/div>\n\t<div class=\"jet-apb-calendar-notification\" style=\"display: none\">\n\t\t<div class=\"jet-apb-calendar-notification-service\">Please, select the service first.<\/div>\n\t\t<div class=\"jet-apb-calendar-notification-provider\">Please, select the provider first.<\/div>\n\t\t<div class=\"jet-apb-calendar-notification-service-field\">Please set service field for current calendar<\/div>\n\t\t<div class=\"jet-apb-calendar-notification-max-slots\">Sorry. You have the max number of appointments.<\/div>\n\t<\/div>\n<\/div>\n<\/div><\/div>\n\n\n<div class=\"wp-block-columns is-not-stacked-on-mobile is-layout-flex wp-container-core-columns-is-layout-9d6595d7 wp-block-columns-is-layout-flex\">\n<div class=\"wp-block-column uk-flex uk-flex-center is-layout-flow wp-block-column-is-layout-flow\"><div class=\" jet-sm-gb-wrapper jet-sm-gb-deb27bc4-5603-4985-876f-45c22693044e\" data-block-id=\"jet-sm-gb-deb27bc4-5603-4985-876f-45c22693044e\" ><div  class=\"jet-form-builder-row field-type-submit-field\" >\n\t<div data-type=\"prev\" class=\"jet-form-builder__action-button-wrapper\">\n\t<button class=\"jet-form-builder__action-button uk-button uk-button-secondary jet-form-builder__prev-page\" type=\"button\">Atr\u00e1s<\/button>\n\t<\/div>\n\t\n<\/div><\/div><\/div>\n\n\n\n<div class=\"wp-block-column uk-flex uk-flex-center is-layout-flow wp-block-column-is-layout-flow\"><div class=\" jet-sm-gb-wrapper jet-sm-gb-7dea722f-b6b7-4455-90c9-4c1c36330f4c\" data-block-id=\"jet-sm-gb-7dea722f-b6b7-4455-90c9-4c1c36330f4c\" ><div  class=\"jet-form-builder-row field-type-submit-field\" >\n\t<div data-type=\"submit\" class=\"jet-form-builder__action-button-wrapper jet-form-builder__submit-wrap\">\n\t<button class=\"jet-form-builder__action-button uk-button uk-button-primary jet-form-builder__submit submit-type-ajax\" type=\"submit\">Enviar<\/button>\n\t<\/div>\n\t\n<\/div><\/div><\/div>\n<\/div>\n\n\n<\/div>\t<div class=\"jet-form-builder-messages-wrap\" data-form-id=\"2675\"><\/div>\n<\/form>\n<\/div><\/div>\n<p><!--more--><br \/>\n<!-- {\"type\":\"layout\",\"children\":[{\"type\":\"section\",\"props\":{\"height\":\"viewport\",\"height_offset_top\":true,\"image_position\":\"center-center\",\"media_blend_mode\":\"screen\",\"style\":\"secondary\",\"text_color\":\"light\",\"title_breakpoint\":\"xl\",\"title_position\":\"top-left\",\"title_rotation\":\"left\",\"vertical_align\":\"middle\",\"video\":\"wp-content\\\/uploads\\\/footer-video-bg.mp4\",\"width\":\"default\"},\"children\":[{\"type\":\"row\",\"props\":{\"margin\":\"xlarge\"},\"children\":[{\"type\":\"column\",\"props\":{\"image_position\":\"center-center\",\"position_sticky_breakpoint\":\"m\"},\"children\":[{\"type\":\"headline\",\"props\":{\"content\":\"Reserva tu\",\"margin_remove_bottom\":true,\"text_align\":\"center\",\"title_element\":\"h1\",\"title_style\":\"heading-medium\",\"visibility\":\"s\"}},{\"type\":\"headline\",\"props\":{\"content\":\"CONSULTA DE VALORACI\\u00d3N\",\"margin_remove_top\":true,\"text_align\":\"center\",\"title_element\":\"h1\",\"title_style\":\"heading-large\",\"visibility\":\"s\"}},{\"type\":\"headline\",\"props\":{\"content\":\"Reserva tu\",\"margin_remove_top\":true,\"text_align\":\"center\",\"title_element\":\"h1\",\"title_style\":\"h2\",\"visibility\":\"hidden-s\"}},{\"type\":\"headline\",\"props\":{\"content\":\"CONSULTA DE VALORACI\\u00d3N\",\"margin_remove_top\":true,\"text_align\":\"center\",\"title_element\":\"h1\",\"title_style\":\"heading-small\",\"visibility\":\"hidden-s\"}},{\"type\":\"text\",\"props\":{\"column_breakpoint\":\"m\",\"content\":\"Recuerda que en la consulta de valoraci\\u00f3n se determinan los procedimientos a los que eres candidato y se ofrece un plan de tratamiento, adem\\u00e1s de establecer precios justos y competitivos para tu cirug\\u00eda.\",\"margin\":\"medium\",\"margin_remove_top\":true,\"text_align\":\"center\",\"text_style\":\"large\"}},{\"type\":\"text\",\"props\":{\"column_breakpoint\":\"m\",\"content\":\"[jet_fb_form form_id=\\\"2675\\\" submit_type=\\\"ajax\\\" required_mark=\\\"*\\\" fields_layout=\\\"column\\\" enable_progress=\\\"1\\\" fields_label_tag=\\\"div\\\" load_nonce=\\\"hide\\\" use_csrf=\\\"\\\"]\",\"margin\":\"default\"}}]}]}],\"name\":\"Responsive Contact Form Layout\"}],\"version\":\"4.3.7\"} --><\/p>\n","protected":false},"excerpt":{"rendered":"<p>Reserva tu CONSULTA DE VALORACI\u00d3N Reserva tu CONSULTA DE VALORACI\u00d3N Recuerda que en la consulta de valoraci\u00f3n se determinan los procedimientos a los que eres candidato y se ofrece un plan de tratamiento, adem\u00e1s de establecer precios justos y competitivos para tu cirug\u00eda.<\/p>\n","protected":false},"author":1,"featured_media":0,"parent":0,"menu_order":0,"comment_status":"closed","ping_status":"closed","template":"","meta":{"_acf_changed":false,"_jet_sm_ready_style":"","_jet_sm_style":"","_jet_sm_controls_values":"","_jet_sm_fonts_collection":"","_jet_sm_fonts_links":"","footnotes":""},"class_list":["post-2672","page","type-page","status-publish","hentry"],"acf":[],"_links":{"self":[{"href":"https:\/\/www.liposuccioncdmx.com\/index.php?rest_route=\/wp\/v2\/pages\/2672","targetHints":{"allow":["GET"]}}],"collection":[{"href":"https:\/\/www.liposuccioncdmx.com\/index.php?rest_route=\/wp\/v2\/pages"}],"about":[{"href":"https:\/\/www.liposuccioncdmx.com\/index.php?rest_route=\/wp\/v2\/types\/page"}],"author":[{"embeddable":true,"href":"https:\/\/www.liposuccioncdmx.com\/index.php?rest_route=\/wp\/v2\/users\/1"}],"replies":[{"embeddable":true,"href":"https:\/\/www.liposuccioncdmx.com\/index.php?rest_route=%2Fwp%2Fv2%2Fcomments&post=2672"}],"version-history":[{"count":9,"href":"https:\/\/www.liposuccioncdmx.com\/index.php?rest_route=\/wp\/v2\/pages\/2672\/revisions"}],"predecessor-version":[{"id":2696,"href":"https:\/\/www.liposuccioncdmx.com\/index.php?rest_route=\/wp\/v2\/pages\/2672\/revisions\/2696"}],"wp:attachment":[{"href":"https:\/\/www.liposuccioncdmx.com\/index.php?rest_route=%2Fwp%2Fv2%2Fmedia&parent=2672"}],"curies":[{"name":"wp","href":"https:\/\/api.w.org\/{rel}","templated":true}]}}