{"id":2641,"date":"2024-04-22T17:50:14","date_gmt":"2024-04-22T17:50:14","guid":{"rendered":"https:\/\/www.liposuccioncdmx.com\/?page_id=2641"},"modified":"2024-04-22T17:50:14","modified_gmt":"2024-04-22T17:50:14","slug":"contacto","status":"publish","type":"page","link":"https:\/\/www.liposuccioncdmx.com\/?page_id=2641","title":{"rendered":"Contacto"},"content":{"rendered":"<h1>Env\u00eda tus<\/h1>\n<h1>DUDAS Y COMENTARIOS<\/h1>\n<h1>Env\u00eda tus<\/h1>\n<h1>DUDAS Y COMENTARIOS<\/h1>\n<div>\n<div class=\"jet-fb-form-block\" data-is-block=\"jet-forms\/form-block\"><link rel=\"preconnect\" href=\"https:\/\/fonts.gstatic.com\"><style id=\"jet-form-builder-2648-inline-css\">.jet-sm-gb-6a10c359-74dd-4cb6-85bc-ab7401bc8cb6 .jet-form-builder__desc.jet-form-builder__desc.jet-form-builder__desc{background-color: ;} .jet-sm-gb-7d063230-51fa-4aa0-ba4a-f4c10efed67a .jet-form-builder__desc.jet-form-builder__desc.jet-form-builder__desc{background-color: ;} .jet-sm-gb-367db433-e6bb-4918-84a6-5270c6288ca2 .jet-form-builder__desc.jet-form-builder__desc.jet-form-builder__desc{background-color: ;} .jet-sm-gb-15683624-7ae0-4957-9245-c15cfaf670e8 .jet-form-builder__desc.jet-form-builder__desc.jet-form-builder__desc{background-color: ;} .jet-sm-gb-4745b713-2b62-47ec-9d29-2187c8821b82 .jet-form-builder__action-button:hover:not(:disabled){background-color: ;} .jet-sm-gb-7a8c4e36-ed52-4ebb-80b1-466ce58a18b5 .jet-form-builder__desc.jet-form-builder__desc.jet-form-builder__desc{background-color: ;} <\/style><form  class=\"jet-form-builder layout-column submit-type-ajax\" action=\"https:\/\/www.liposuccioncdmx.com\/?jet_form_builder_submit=submit&amp;method=reload\" method=\"POST\" data-form-id=\"2648\" data-layout=\"column\" enctype=\"multipart\/form-data\" data-clear=\"1\" novalidate=\"null\"><input type=\"hidden\" id=\"_wpnonce\" name=\"_wpnonce\" value=\"78d2bf3276\" \/><input type=\"hidden\" name=\"_wp_http_referer\" value=\"\/index.php?rest_route=%2Fwp%2Fv2%2Fpages%2F2641\" \/>\r\n<input type=\"hidden\" name=\"_jfb_current_render_states[]\" value=\"DEFAULT.STATE\" data-jfb-sync \/><input type=\"hidden\" class=\"jet-form-builder__field hidden-field\" name=\"_jet_engine_booking_form_id\" data-field-name=\"_jet_engine_booking_form_id\" value=\"2648\">\n<input type=\"hidden\" class=\"jet-form-builder__field hidden-field\" name=\"_jet_engine_refer\" data-field-name=\"_jet_engine_refer\" value=\"https:\/\/www.liposuccioncdmx.com\/?rest_route=%2Fwp%2Fv2%2Fpages%2F2641\">\n<input type=\"hidden\" class=\"jet-form-builder__field hidden-field\" name=\"__queried_post_id\" data-field-name=\"__queried_post_id\" value=\"2641\">\n\n<div class=\"wp-block-group\"><div class=\"wp-block-group__inner-container is-layout-constrained wp-block-group-is-layout-constrained\">\n<div class=\"wp-block-columns is-layout-flex wp-container-core-columns-is-layout-9d6595d7 wp-block-columns-is-layout-flex\">\n<div class=\"wp-block-column is-layout-flow wp-block-column-is-layout-flow\"><div class=\" jet-sm-gb-wrapper jet-sm-gb-6a10c359-74dd-4cb6-85bc-ab7401bc8cb6\" data-block-id=\"jet-sm-gb-6a10c359-74dd-4cb6-85bc-ab7401bc8cb6\" ><div  class=\"jet-form-builder-row field-type-text-field\" >\n<div class=\"jet-form-builder__label\">\r\n<div class=\"jet-form-builder__label-text\">Nombre <span class=\"jet-form-builder__required\">*<\/span><\/div><\/div><div class=\"jet-form-builder__field-wrap\">\n\t<input required=\"required\" name=\"nombre\" id=\"nombre\" type=\"text\" data-field-name=\"nombre\" class=\"jet-form-builder__field text-field uk-input\" data-jfb-sync=\"null\">\n<\/div>\n<\/div><\/div><\/div>\n\n\n\n<div class=\"wp-block-column is-layout-flow wp-block-column-is-layout-flow\"><div class=\" jet-sm-gb-wrapper jet-sm-gb-7d063230-51fa-4aa0-ba4a-f4c10efed67a\" data-block-id=\"jet-sm-gb-7d063230-51fa-4aa0-ba4a-f4c10efed67a\" ><div  class=\"jet-form-builder-row field-type-text-field\" >\n<div class=\"jet-form-builder__label\">\r\n<div class=\"jet-form-builder__label-text\">Apellidos <span class=\"jet-form-builder__required\">*<\/span><\/div><\/div><div class=\"jet-form-builder__field-wrap\">\n\t<input required=\"required\" name=\"apellidos\" id=\"apellidos\" type=\"text\" data-field-name=\"apellidos\" class=\"jet-form-builder__field text-field uk-input\" data-jfb-sync=\"null\">\n<\/div>\n<\/div><\/div><\/div>\n<\/div>\n<\/div><\/div>\n\n\n\n<div class=\"wp-block-group\"><div class=\"wp-block-group__inner-container is-layout-constrained wp-block-group-is-layout-constrained\">\n<div class=\"wp-block-columns is-layout-flex wp-container-core-columns-is-layout-9d6595d7 wp-block-columns-is-layout-flex\">\n<div class=\"wp-block-column is-layout-flow wp-block-column-is-layout-flow\"><div class=\" jet-sm-gb-wrapper jet-sm-gb-367db433-e6bb-4918-84a6-5270c6288ca2\" data-block-id=\"jet-sm-gb-367db433-e6bb-4918-84a6-5270c6288ca2\" ><div  class=\"jet-form-builder-row field-type-text-field\" >\n<div class=\"jet-form-builder__label\">\r\n<div class=\"jet-form-builder__label-text\">Email <span class=\"jet-form-builder__required\">*<\/span><\/div><\/div><div class=\"jet-form-builder__field-wrap\">\n\t<input required=\"required\" name=\"email\" id=\"email\" type=\"text\" data-field-name=\"email\" class=\"jet-form-builder__field text-field uk-input\" data-jfb-sync=\"null\">\n<\/div>\n<\/div><\/div><\/div>\n\n\n\n<div class=\"wp-block-column is-layout-flow wp-block-column-is-layout-flow\"><div class=\" jet-sm-gb-wrapper jet-sm-gb-15683624-7ae0-4957-9245-c15cfaf670e8\" data-block-id=\"jet-sm-gb-15683624-7ae0-4957-9245-c15cfaf670e8\" ><div  class=\"jet-form-builder-row field-type-text-field\" >\n<div class=\"jet-form-builder__label\">\r\n<div class=\"jet-form-builder__label-text\">Tel\u00e9fono <span class=\"jet-form-builder__required\">*<\/span><\/div><\/div><div class=\"jet-form-builder__field-wrap\">\n\t<input required=\"required\" name=\"telefono\" id=\"telefono\" type=\"text\" data-field-name=\"telefono\" class=\"jet-form-builder__field text-field uk-input\" data-jfb-sync=\"null\">\n<\/div>\n<\/div><\/div><\/div>\n<\/div>\n<\/div><\/div>\n\n\n<div class=\" jet-sm-gb-wrapper jet-sm-gb-7a8c4e36-ed52-4ebb-80b1-466ce58a18b5\" data-block-id=\"jet-sm-gb-7a8c4e36-ed52-4ebb-80b1-466ce58a18b5\" ><div  class=\"jet-form-builder-row field-type-textarea-field\" >\n<div class=\"jet-form-builder__label\">\r\n<div class=\"jet-form-builder__label-text\">Comentarios <span class=\"jet-form-builder__required\">*<\/span><\/div><\/div><div class=\"jet-form-builder__field-wrap\">\n\t<textarea class=\"jet-form-builder__field textarea-field uk-textarea\" required=\"required\" name=\"comentarios\" data-field-name=\"comentarios\" id=\"comentarios\" data-jfb-sync=\"null\"><\/textarea>\n<\/div>\n<\/div><\/div>\n\n\n<p>Recuerda que es indispensable proporcionar un e-mail y n\u00famero telef\u00f3nico v\u00e1lidos para poder dar respuesta a tu solicitud. Al enviar tu informaci\u00f3n aceptas los t\u00e9rminos de nuestro aviso de privacidad de datos.<\/p>\n\n\n\n<div class=\"wp-block-group uk-flex uk-flex-center uk-margin-top\"><div class=\"wp-block-group__inner-container is-layout-constrained wp-block-group-is-layout-constrained\"><div class=\" jet-sm-gb-wrapper jet-sm-gb-4745b713-2b62-47ec-9d29-2187c8821b82\" data-block-id=\"jet-sm-gb-4745b713-2b62-47ec-9d29-2187c8821b82\" ><div  class=\"jet-form-builder-row field-type-submit-field\" >\n\t<div data-type=\"submit\" class=\"jet-form-builder__action-button-wrapper jet-form-builder__submit-wrap\">\n\t<button class=\"jet-form-builder__action-button uk-button uk-button-primary jet-form-builder__submit submit-type-ajax\" type=\"submit\">Enviar<\/button>\n\t<\/div>\n\t\n<\/div><\/div><\/div><\/div>\n\t<div class=\"jet-form-builder-messages-wrap\" data-form-id=\"2648\"><\/div>\n<\/form>\n<\/div>\n<\/div>\n<p><!--more--><br \/>\n<!-- {\"type\":\"layout\",\"children\":[{\"type\":\"section\",\"props\":{\"height\":\"viewport\",\"height_offset_top\":true,\"image_position\":\"center-center\",\"media_blend_mode\":\"screen\",\"style\":\"secondary\",\"text_color\":\"light\",\"title_breakpoint\":\"xl\",\"title_position\":\"top-left\",\"title_rotation\":\"left\",\"vertical_align\":\"middle\",\"video\":\"wp-content\\\/uploads\\\/footer-video-bg.mp4\",\"width\":\"default\"},\"children\":[{\"type\":\"row\",\"props\":{\"margin\":\"xlarge\"},\"children\":[{\"type\":\"column\",\"props\":{\"image_position\":\"center-center\",\"position_sticky_breakpoint\":\"m\"},\"children\":[{\"type\":\"headline\",\"props\":{\"content\":\"Env\\u00eda tus\",\"margin_remove_bottom\":true,\"text_align\":\"center\",\"title_element\":\"h1\",\"title_style\":\"heading-medium\",\"visibility\":\"s\"}},{\"type\":\"headline\",\"props\":{\"content\":\"DUDAS Y COMENTARIOS\",\"margin_remove_top\":true,\"text_align\":\"center\",\"title_element\":\"h1\",\"title_style\":\"heading-large\",\"visibility\":\"s\"}},{\"type\":\"headline\",\"props\":{\"content\":\"Env\\u00eda tus\",\"margin_remove_top\":true,\"text_align\":\"center\",\"title_element\":\"h1\",\"title_style\":\"h2\",\"visibility\":\"hidden-s\"}},{\"type\":\"headline\",\"props\":{\"content\":\"DUDAS Y COMENTARIOS\",\"margin_remove_top\":true,\"text_align\":\"center\",\"title_element\":\"h1\",\"title_style\":\"heading-small\",\"visibility\":\"hidden-s\"}},{\"type\":\"text\",\"props\":{\"column_breakpoint\":\"m\",\"content\":\"\n\n<p>[jet_fb_form form_id=\\\"2648\\\" submit_type=\\\"ajax\\\" required_mark=\\\"*\\\" fields_layout=\\\"column\\\" enable_progress=\\\"\\\" fields_label_tag=\\\"div\\\" load_nonce=\\\"render\\\" use_csrf=\\\"\\\" clear=\\\"1\\\"]<\\\/p>\",\"margin\":\"default\"}}]}]}],\"name\":\"Contacto\"}],\"version\":\"4.3.7\"} --><\/p>\n","protected":false},"excerpt":{"rendered":"<p>Env\u00eda tus DUDAS Y COMENTARIOS Env\u00eda tus DUDAS Y COMENTARIOS<\/p>\n","protected":false},"author":1,"featured_media":0,"parent":0,"menu_order":0,"comment_status":"closed","ping_status":"closed","template":"","meta":{"_acf_changed":false,"_jet_sm_ready_style":"","_jet_sm_style":"","_jet_sm_controls_values":"","_jet_sm_fonts_collection":"","_jet_sm_fonts_links":"","footnotes":""},"class_list":["post-2641","page","type-page","status-publish","hentry"],"acf":[],"_links":{"self":[{"href":"https:\/\/www.liposuccioncdmx.com\/index.php?rest_route=\/wp\/v2\/pages\/2641","targetHints":{"allow":["GET"]}}],"collection":[{"href":"https:\/\/www.liposuccioncdmx.com\/index.php?rest_route=\/wp\/v2\/pages"}],"about":[{"href":"https:\/\/www.liposuccioncdmx.com\/index.php?rest_route=\/wp\/v2\/types\/page"}],"author":[{"embeddable":true,"href":"https:\/\/www.liposuccioncdmx.com\/index.php?rest_route=\/wp\/v2\/users\/1"}],"replies":[{"embeddable":true,"href":"https:\/\/www.liposuccioncdmx.com\/index.php?rest_route=%2Fwp%2Fv2%2Fcomments&post=2641"}],"version-history":[{"count":6,"href":"https:\/\/www.liposuccioncdmx.com\/index.php?rest_route=\/wp\/v2\/pages\/2641\/revisions"}],"predecessor-version":[{"id":2649,"href":"https:\/\/www.liposuccioncdmx.com\/index.php?rest_route=\/wp\/v2\/pages\/2641\/revisions\/2649"}],"wp:attachment":[{"href":"https:\/\/www.liposuccioncdmx.com\/index.php?rest_route=%2Fwp%2Fv2%2Fmedia&parent=2641"}],"curies":[{"name":"wp","href":"https:\/\/api.w.org\/{rel}","templated":true}]}}