{"id":2239,"date":"2024-03-18T20:31:03","date_gmt":"2024-03-18T20:31:03","guid":{"rendered":"https:\/\/www.liposuccioncdmx.com\/?page_id=2239"},"modified":"2024-04-22T18:10:14","modified_gmt":"2024-04-22T18:10:14","slug":"liposuccion-alta-definicion","status":"publish","type":"page","link":"https:\/\/www.liposuccioncdmx.com\/?page_id=2239","title":{"rendered":"Liposucci\u00f3n alta definici\u00f3n"},"content":{"rendered":"<h1>Liposucci\u00f3n de<br \/>Alta Definici\u00f3n<\/h1>\n<h1>Lipo-succi\u00f3n de Alta<br \/>Definici\u00f3n<\/h1>\n<div>Lleva la definici\u00f3n corporal a un nuevo nivel en manos de un Cirujano Pl\u00e1stico Certificado<\/div>\n<div>Lleva la definici\u00f3n corporal a un nuevo nivel en manos de un Cirujano Pl\u00e1stico Certificado<\/div>\n<div>TODO INCLUIDO<\/div>\n<div>Cirug\u00eda, quir\u00f3fano, honorarios m\u00e9dicos Consultas y controles post-quir\u00fargicos<\/div>\n<div>Cirug\u00eda, quir\u00f3fano, honorarios m\u00e9dicos Consultas y controles post-quir\u00fargicos<\/div>\n<p>\n    <a href=\"mailto:info@example.com\">Reserva tu Consulta de Valoraci\u00f3n<\/a>\n<\/p>\n<p>\n    <a href=\"mailto:info@example.com\">Reserva tu Consulta de Valoraci\u00f3n<\/a>\n<\/p>\n<h2>Liposucci\u00f3n Vaser en CDMX.<\/h2>\n<p><img decoding=\"async\" src=\"\/wp-content\/uploads\/2024\/03\/liposuccion-vaser-cdmx-precio-2024-1.jpg\" alt=\"liposuccion vaser en cdmx  precio 2024\"><\/p>\n<h3>Liposucci\u00f3n Vaser CDMX<\/h3>\n<div>Un nuevo nivel de definici\u00f3n corporal<\/div>\n<div>\n<div class=\"sppb-addon-text\">\n<div style=\"text-align: justify;\"><strong>La Liposucci\u00f3n Vaser\u00a0o Liposucci\u00f3n de Alta Definici\u00f3n,<\/strong>\u00a0utiliza tecnolog\u00eda de tercera generaci\u00f3n de ultrasonido que selecciona el tejido graso, emulsificando la grasa y preservando otros tejidos y est\u00e1 dise\u00f1ada para <strong><strong>esculpir el cuerpo con alta definici\u00f3n y eficiencia. <\/strong><\/strong>(<em>Liposuccion vaser cdmx<\/em>)<\/div>\n<div style=\"text-align: justify;\"><strong>\u00a0<\/strong><\/div>\n<p style=\"text-align: justify;\"><strong>Agenda tu consulta de valoraci\u00f3n con el Dr. Xavier S\u00e1nchez Garc\u00eda y obt\u00e9n excelentes resultados en Liposucci\u00f3n VASER CDMX de alta definici\u00f3n.<\/strong><\/p>\n<\/div>\n<\/div>\n<div>\n<div>\n<p>Costo de Liposucci\u00f3n Vaser en CDMX | Agenda tu valoraci\u00f3n y recibe presupuesto.<\/p>\n<\/div>\n<\/div>\n<h2>Cirug\u00eda de Liposucci\u00f3n de<br \/>Alta Definici\u00f3n en CDMX<\/h2>\n<h2>Cirug\u00eda de Liposucci\u00f3n de Alta Definici\u00f3n en CDMX<\/h2>\n<ul>\n<li>\n<h3>Por qu\u00e9 elegir Liposucci\u00f3n Vaser<\/h3>\n<div>\n<p>La liposucci\u00f3n VASER CDMX permite la eliminaci\u00f3n de grasa localizada que no cede a dietas ni ejercicio. Gracias al uso de ultrasonido para derretir la grasa antes de extraerla, resulta un procedimiento menos traum\u00e1tico y con mayor definici\u00f3n de la silueta. Adem\u00e1s de tener beneficios frente a la flacidez de la piel, generando una mayor retracci\u00f3n de la misma.<\/p>\n<\/div>\n<\/li>\n<li>\n<h3>Candidatos a Liposucci\u00f3n Vaser<\/h3>\n<div>\n<p>Los hombres y mujeres mayores a 18, cuya apariencia f\u00edsica les molesta debido a los dep\u00f3sitos de grasa acumulados en varias regiones del cuerpo y que no pueden ser eliminados con dieta y ejercicio. Y que desean una apariencia atl\u00e9tica de alta definici\u00f3n.<\/p>\n<\/div>\n<\/li>\n<li>\n<h3>Precio de Liposucci\u00f3n Vaser<\/h3>\n<div>\n<p>No existe un precio estandarizado para la Liposucci\u00f3n VASER. El precio de la Liposucci\u00f3n de alta definici\u00f3n depender\u00e1 de la valoraci\u00f3n personalizada por un Cirujano Pl\u00e1stico Certificado que te oriente sobre las zonas que puedes trabajar con este procedimiento quir\u00fargico.<\/p>\n<\/div>\n<\/li>\n<\/ul>\n<h1>Datos r\u00e1pidos de Liposucci\u00f3n Vaser (Alta Defiinici\u00f3n)<\/h1>\n<ul>\n<li>\n<h3>Duraci\u00f3n de una Liposucci\u00f3n Vaser<\/h3>\n<div>\n<p>Una cirug\u00eda de Liposucci\u00f3n VASER dura de 1 a 2 horas<\/p>\n<\/div>\n<\/li>\n<li>\n<h3>Anestesia en Lipo Vaser<\/h3>\n<div>\n<p>La anestesia utilizada en una liposucci\u00f3n de alta definici\u00f3n suele ser local con sedaci\u00f3n general.<\/p>\n<\/div>\n<\/li>\n<li>\n<h3>Tiempo de hospitalizaci\u00f3n<\/h3>\n<div>\n<p>La liposucci\u00f3n Vaser es una cirug\u00eda ambulatoria y en algunoss casos requiere 1 d\u00eda de hospitalizaci\u00f3n.<\/p>\n<\/div>\n<\/li>\n<li>\n<h3>Efectos secundarios Liposucci\u00f3n Vaser<\/h3>\n<div>\n<p>Es probable que se produzcan hematomas que duran hasta 10 d\u00edas y pueden desplazarse hacia zonas inferiores del cuerpo antes de desaparecer.<\/p>\n<\/div>\n<\/li>\n<li>\n<h3>Cicatrices Lipo Vaser<\/h3>\n<div>\n<p>La liposucci\u00f3n VASER genera varias cicatrices de no m\u00e1s de 3mm de longitud. En poco tiempo se vuelven muy dif\u00edciles de ver si no sabemos d\u00f3nde est\u00e1n.<\/p>\n<\/div>\n<\/li>\n<li>\n<h3>Nivel de dolor de una Liposucci\u00f3n Vaser<\/h3>\n<div>\n<p>El cirujano te dar\u00e1 indicaciones sobre los medicamentos y cuidados que te ayudar\u00e1n a tener una recuperaci\u00f3n confortable.<\/p>\n<\/div>\n<\/li>\n<\/ul>\n<p><!--more--><br \/>\n<!-- {\"type\":\"layout\",\"children\":[{\"type\":\"section\",\"props\":{\"animation\":\"fade\",\"header_transparent\":false,\"header_transparent_noplaceholder\":false,\"image\":\"wp-content\\\/uploads\\\/2024\\\/03\\\/liposuccion-vaser-cdmx-2.jpg\",\"image_effect\":\"parallax\",\"image_loading\":true,\"image_parallax_bgy\":\"40vh\",\"image_position\":\"center-center\",\"image_size\":\"cover\",\"image_width\":\"2560\",\"media_overlay\":\"rgba(0, 0, 0, 0.75)\",\"media_overlay_parallax_opacity\":\"0,1\",\"padding\":\"xlarge\",\"padding_remove_bottom\":false,\"padding_remove_top\":true,\"style\":\"default\",\"text_color\":\"light\",\"title_breakpoint\":\"xl\",\"title_position\":\"top-left\",\"title_rotation\":\"left\",\"vertical_align\":\"\",\"width\":\"expand\"},\"children\":[{\"type\":\"row\",\"children\":[{\"type\":\"column\",\"props\":{\"image_position\":\"center-center\",\"position_sticky_breakpoint\":\"m\",\"vertical_align\":\"middle\"},\"children\":[{\"type\":\"headline\",\"props\":{\"animation\":\"none\",\"content\":\"Liposucci\\u00f3n de<br \\\/>Alta Definici\\u00f3n\",\"title_color\":\"background\",\"title_element\":\"h1\",\"title_style\":\"heading-xlarge\",\"visibility\":\"s\"}},{\"type\":\"headline\",\"props\":{\"animation\":\"none\",\"content\":\"Lipo-succi\\u00f3n de Alta<br \\\/>Definici\\u00f3n\",\"title_color\":\"background\",\"title_element\":\"h1\",\"title_style\":\"heading-xlarge\",\"visibility\":\"hidden-s\"}}]}],\"props\":{\"height\":\"viewport\",\"height_offset_top\":true,\"margin\":\"remove-vertical\",\"margin_remove_top\":false}},{\"type\":\"row\",\"props\":{\"margin\":\"remove-vertical\"},\"children\":[{\"type\":\"column\",\"props\":{\"image_position\":\"center-center\",\"position_sticky_breakpoint\":\"m\"},\"children\":[{\"type\":\"headline\",\"props\":{\"animation\":\"none\",\"content\":\"Lleva la definici\\u00f3n corporal a un nuevo nivel en manos de un Cirujano Pl\\u00e1stico Certificado\",\"margin\":\"medium\",\"maxwidth\":\"2xlarge\",\"title_element\":\"div\",\"title_style\":\"h2\",\"visibility\":\"s\"}},{\"type\":\"headline\",\"props\":{\"animation\":\"none\",\"content\":\"Lleva la definici\\u00f3n corporal a un nuevo nivel en manos de un Cirujano Pl\\u00e1stico Certificado\",\"margin\":\"medium\",\"maxwidth\":\"2xlarge\",\"title_element\":\"div\",\"title_style\":\"h3\",\"visibility\":\"hidden-s\"}}]}]},{\"type\":\"row\",\"props\":{\"css\":\"@media(min-width: 1200px) {\\n    .el-row { margin-top: 50vh!important; }\\n}\",\"layout\":\"3-5,2-5\",\"margin\":\"xlarge\",\"row_gap\":\"large\"},\"children\":[{\"type\":\"column\",\"props\":{\"image_position\":\"center-center\",\"position_sticky_breakpoint\":\"m\",\"width_xlarge\":\"expand\"}},{\"type\":\"column\",\"props\":{\"image_position\":\"center-center\",\"position_sticky_breakpoint\":\"m\",\"width_xlarge\":\"2-5\"},\"children\":[{\"type\":\"headline\",\"props\":{\"block_align\":\"center\",\"block_align_breakpoint\":\"xl\",\"content\":\"TODO INCLUIDO\",\"margin\":\"remove-vertical\",\"maxwidth\":\"xlarge\",\"title_color\":\"background\",\"title_element\":\"div\",\"title_style\":\"heading-medium\"}},{\"type\":\"headline\",\"props\":{\"block_align\":\"center\",\"block_align_breakpoint\":\"xl\",\"content\":\"Cirug\\u00eda, quir\\u00f3fano, honorarios m\\u00e9dicos Consultas y controles post-quir\\u00fargicos\",\"margin\":\"small\",\"margin_remove_bottom\":true,\"maxwidth\":\"xlarge\",\"title_element\":\"div\",\"title_style\":\"h1\",\"visibility\":\"s\"}},{\"type\":\"headline\",\"props\":{\"block_align\":\"center\",\"block_align_breakpoint\":\"xl\",\"content\":\"Cirug\\u00eda, quir\\u00f3fano, honorarios m\\u00e9dicos Consultas y controles post-quir\\u00fargicos\",\"margin\":\"small\",\"margin_remove_bottom\":true,\"maxwidth\":\"xlarge\",\"title_element\":\"div\",\"title_style\":\"h2\",\"visibility\":\"hidden-s\"}},{\"type\":\"button\",\"props\":{\"block_align\":\"center\",\"block_align_breakpoint\":\"xl\",\"button_size\":\"large\",\"fullwidth\":true,\"grid_column_gap\":\"small\",\"grid_row_gap\":\"small\",\"margin\":\"large\",\"maxwidth\":\"xlarge\",\"visibility\":\"s\"},\"children\":[{\"type\":\"button_item\",\"props\":{\"button_style\":\"default\",\"content\":\"Reserva tu Consulta de Valoraci\\u00f3n\",\"icon_align\":\"left\",\"link\":\"mailto:info@example.com\"}}]},{\"type\":\"button\",\"props\":{\"block_align\":\"center\",\"block_align_breakpoint\":\"l\",\"fullwidth\":true,\"grid_column_gap\":\"small\",\"grid_row_gap\":\"small\",\"margin\":\"large\",\"maxwidth\":\"large\",\"visibility\":\"hidden-s\"},\"children\":[{\"type\":\"button_item\",\"props\":{\"button_style\":\"default\",\"content\":\"Reserva tu Consulta de Valoraci\\u00f3n\",\"icon_align\":\"left\",\"link\":\"mailto:info@example.com\"}}]}]}]}],\"name\":\"Hero\"},{\"type\":\"section\",\"props\":{\"animation\":\"fade\",\"id\":\"team\",\"image_position\":\"center-center\",\"padding\":\"large\",\"padding_remove_bottom\":true,\"style\":\"default\",\"title_breakpoint\":\"xl\",\"title_position\":\"top-left\",\"title_rotation\":\"left\",\"vertical_align\":\"middle\",\"width\":\"expand\"},\"children\":[{\"type\":\"row\",\"children\":[{\"type\":\"column\",\"props\":{\"image_position\":\"center-center\",\"position_sticky_breakpoint\":\"m\"},\"children\":[{\"type\":\"headline\",\"props\":{\"content\":\"Liposucci\\u00f3n Vaser en CDMX.\",\"margin\":\"default\",\"title_element\":\"h2\",\"title_style\":\"heading-medium\"}}]}],\"props\":{\"margin\":\"xlarge\"}},{\"type\":\"row\",\"props\":{\"column_gap\":\"large\",\"layout\":\"1-2,1-2\",\"margin\":\"medium\",\"row_gap\":\"large\",\"width\":\"expand\"},\"children\":[{\"type\":\"column\",\"props\":{\"image_position\":\"center-center\",\"order_first\":\"xs\",\"position_sticky_breakpoint\":\"m\",\"width_medium\":\"1-2\"},\"children\":[{\"type\":\"image\",\"props\":{\"animation\":\"none\",\"image\":\"wp-content\\\/uploads\\\/2024\\\/03\\\/liposuccion-vaser-cdmx-precio-2024-1.jpg\",\"image_alt\":\"liposuccion vaser en cdmx  precio 2024\",\"image_svg_color\":\"emphasis\",\"image_width\":\"1230\",\"margin\":\"default\",\"text_color\":\"light\"}}]},{\"type\":\"column\",\"props\":{\"image_position\":\"center-center\",\"position_sticky_breakpoint\":\"m\",\"vertical_align\":\"middle\",\"width_medium\":\"1-2\"},\"children\":[{\"type\":\"headline\",\"props\":{\"animation\":\"parallax\",\"block_align\":\"center\",\"content\":\"Liposucci\\u00f3n Vaser CDMX\",\"margin\":\"small\",\"maxwidth\":\"large\",\"parallax_breakpoint\":\"m\",\"parallax_y\":\"100,-100\",\"title_element\":\"h3\",\"title_style\":\"heading-medium\"}},{\"type\":\"headline\",\"props\":{\"animation\":\"parallax\",\"block_align\":\"center\",\"content\":\"Un nuevo nivel de definici\\u00f3n corporal\",\"margin\":\"large\",\"margin_remove_top\":true,\"maxwidth\":\"large\",\"parallax_breakpoint\":\"m\",\"parallax_y\":\"100,-100\",\"title_color\":\"muted\",\"title_element\":\"div\",\"title_style\":\"h3\"}},{\"type\":\"text\",\"props\":{\"animation\":\"parallax\",\"block_align\":\"center\",\"column_breakpoint\":\"m\",\"content\":\"\n\n<div class=\\\"sppb-addon-text\\\">\\n\n\n<div style=\\\"text-align: justify;\\\"><strong>La Liposucci\\u00f3n Vaser\\u00a0o Liposucci\\u00f3n de Alta Definici\\u00f3n,<\\\/strong>\\u00a0utiliza tecnolog\\u00eda de tercera generaci\\u00f3n de ultrasonido que selecciona el tejido graso, emulsificando la grasa y preservando otros tejidos y est\\u00e1 dise\\u00f1ada para <strong><strong>esculpir el cuerpo con alta definici\\u00f3n y eficiencia. <\\\/strong><\\\/strong>(<em>Liposuccion vaser cdmx<\\\/em>)<\\\/div>\\n\n\n<div style=\\\"text-align: justify;\\\"><strong>\\u00a0<\\\/strong><\\\/div>\\n\n\n<p style=\\\"text-align: justify;\\\"><strong>Agenda tu consulta de valoraci\\u00f3n con el Dr. Xavier S\\u00e1nchez Garc\\u00eda y obt\\u00e9n excelentes resultados en Liposucci\\u00f3n VASER CDMX de alta definici\\u00f3n.<\\\/strong><\\\/p>\\n<\\\/div>\",\"margin\":\"large\",\"margin_remove_top\":true,\"maxwidth\":\"large\",\"parallax_breakpoint\":\"m\",\"parallax_y\":\"100,-100\"}},{\"type\":\"list\",\"props\":{\"animation\":\"parallax\",\"block_align\":\"center\",\"column_breakpoint\":\"m\",\"content_style\":\"h5\",\"image_align\":\"left\",\"image_svg_color\":\"emphasis\",\"image_vertical_align\":true,\"list_element\":\"ul\",\"list_horizontal_separator\":\", \",\"list_type\":\"horizontal\",\"margin\":\"default\",\"maxwidth\":\"large\",\"parallax_breakpoint\":\"m\",\"parallax_y\":\"100,-100\",\"show_image\":true,\"show_link\":true},\"children\":[{\"type\":\"list_item\",\"props\":{\"content\":\"\n\n<p>Costo de Liposucci\\u00f3n Vaser en CDMX | Agenda tu valoraci\\u00f3n y recibe presupuesto.<\\\/p>\"}}]}]}]}],\"name\":\"Modulo imagen texto\"},{\"type\":\"section\",\"props\":{\"animation\":\"fade\",\"image_position\":\"center-center\",\"padding\":\"xlarge\",\"style\":\"default\",\"title_breakpoint\":\"xl\",\"title_position\":\"top-left\",\"title_rotation\":\"left\",\"vertical_align\":\"middle\",\"width\":\"\"},\"children\":[{\"type\":\"row\",\"props\":{\"column_gap\":\"large\",\"layout\":\"1-2,1-2\",\"margin_remove_bottom\":true,\"row_gap\":\"large\",\"width\":\"large\"},\"children\":[{\"type\":\"column\",\"props\":{\"image_position\":\"center-center\",\"position_sticky_breakpoint\":\"m\",\"width_medium\":\"1-2\"},\"children\":[{\"type\":\"headline\",\"props\":{\"content\":\"Cirug\\u00eda de Liposucci\\u00f3n de<br \\\/>Alta Definici\\u00f3n en CDMX\",\"text_align\":\"left\",\"title_element\":\"h2\",\"title_style\":\"heading-medium\",\"visibility\":\"s\"}},{\"type\":\"headline\",\"props\":{\"content\":\"Cirug\\u00eda de Liposucci\\u00f3n de Alta Definici\\u00f3n en CDMX\",\"text_align\":\"left\",\"title_element\":\"h2\",\"title_style\":\"heading-medium\",\"visibility\":\"hidden-s\"}}]},{\"type\":\"column\",\"props\":{\"image_position\":\"center-center\",\"position_sticky_breakpoint\":\"m\",\"width_medium\":\"1-2\"},\"children\":[{\"type\":\"grid\",\"props\":{\"content_column_breakpoint\":\"m\",\"filter_align\":\"left\",\"filter_all\":true,\"filter_grid_breakpoint\":\"m\",\"filter_grid_width\":\"auto\",\"filter_position\":\"top\",\"filter_style\":\"tab\",\"grid_default\":\"1\",\"grid_divider\":true,\"grid_medium\":\"\",\"icon_width\":80,\"image_align\":\"top\",\"image_grid_breakpoint\":\"m\",\"image_grid_width\":\"1-2\",\"image_svg_color\":\"emphasis\",\"item_animation\":true,\"link_style\":\"default\",\"link_text\":\"Read more\",\"margin\":\"default\",\"meta_align\":\"below-title\",\"meta_element\":\"div\",\"meta_style\":\"text-meta\",\"show_content\":true,\"show_image\":true,\"show_link\":true,\"show_meta\":true,\"show_title\":true,\"title_align\":\"top\",\"title_decoration\":\"bullet\",\"title_element\":\"h3\",\"title_grid_breakpoint\":\"m\",\"title_grid_width\":\"1-2\",\"title_hover_style\":\"reset\"},\"children\":[{\"type\":\"grid_item\",\"props\":{\"content\":\"\n\n<p>La liposucci\\u00f3n VASER CDMX permite la eliminaci\\u00f3n de grasa localizada que no cede a dietas ni ejercicio. Gracias al uso de ultrasonido para derretir la grasa antes de extraerla, resulta un procedimiento menos traum\\u00e1tico y con mayor definici\\u00f3n de la silueta. Adem\\u00e1s de tener beneficios frente a la flacidez de la piel, generando una mayor retracci\\u00f3n de la misma.<\\\/p>\",\"title\":\"Por qu\\u00e9 elegir Liposucci\\u00f3n Vaser\"}},{\"type\":\"grid_item\",\"props\":{\"content\":\"\n\n<p>Los hombres y mujeres mayores a 18, cuya apariencia f\\u00edsica les molesta debido a los dep\\u00f3sitos de grasa acumulados en varias regiones del cuerpo y que no pueden ser eliminados con dieta y ejercicio. Y que desean una apariencia atl\\u00e9tica de alta definici\\u00f3n.<\\\/p>\",\"title\":\"Candidatos a Liposucci\\u00f3n Vaser\"}},{\"type\":\"grid_item\",\"props\":{\"content\":\"\n\n<p>No existe un precio estandarizado para la Liposucci\\u00f3n VASER. El precio de la Liposucci\\u00f3n de alta definici\\u00f3n depender\\u00e1 de la valoraci\\u00f3n personalizada por un Cirujano Pl\\u00e1stico Certificado que te oriente sobre las zonas que puedes trabajar con este procedimiento quir\\u00fargico.<\\\/p>\",\"title\":\"Precio de Liposucci\\u00f3n Vaser\"}}]}]}]}],\"name\":\"About\"},{\"type\":\"section\",\"props\":{\"image_position\":\"center-center\",\"padding\":\"xsmall\",\"padding_remove_top\":true,\"style\":\"default\",\"title_breakpoint\":\"xl\",\"title_position\":\"top-left\",\"title_rotation\":\"left\",\"vertical_align\":\"middle\",\"width\":\"default\"},\"children\":[{\"type\":\"row\",\"children\":[{\"type\":\"column\",\"props\":{\"image_position\":\"center-center\",\"position_sticky_breakpoint\":\"m\"},\"children\":[{\"type\":\"headline\",\"props\":{\"content\":\"Datos r\\u00e1pidos de Liposucci\\u00f3n Vaser (Alta Defiinici\\u00f3n)\",\"text_align\":\"center\",\"title_color\":\"emphasis\",\"title_element\":\"h1\",\"title_style\":\"h2\"}}]}]}]},{\"type\":\"section\",\"props\":{\"html_element\":\"header\",\"image_position\":\"center-center\",\"style\":\"default\",\"title\":\"Lo que debes saber sobre implantes mamarios\",\"title_breakpoint\":\"xl\",\"title_position\":\"top-left\",\"title_rotation\":\"left\",\"vertical_align\":\"middle\",\"width\":\"default\"},\"children\":[{\"type\":\"row\",\"children\":[{\"type\":\"column\",\"props\":{\"image_position\":\"center-center\",\"position_sticky_breakpoint\":\"m\"},\"children\":[{\"type\":\"grid\",\"props\":{\"content_column_breakpoint\":\"m\",\"filter_align\":\"left\",\"filter_all\":true,\"filter_grid_breakpoint\":\"m\",\"filter_grid_width\":\"auto\",\"filter_position\":\"top\",\"filter_style\":\"tab\",\"grid_default\":\"1\",\"grid_divider\":true,\"grid_medium\":\"3\",\"icon_width\":80,\"image_align\":\"top\",\"image_grid_breakpoint\":\"m\",\"image_grid_width\":\"1-2\",\"image_svg_color\":\"emphasis\",\"item_animation\":true,\"link_style\":\"default\",\"link_text\":\"Read more\",\"margin\":\"default\",\"meta_align\":\"below-title\",\"meta_element\":\"div\",\"meta_style\":\"text-meta\",\"show_content\":true,\"show_image\":true,\"show_link\":true,\"show_meta\":true,\"show_title\":true,\"title_align\":\"top\",\"title_color\":\"background\",\"title_element\":\"h3\",\"title_grid_breakpoint\":\"m\",\"title_grid_width\":\"1-2\",\"title_hover_style\":\"reset\",\"title_style\":\"h4\"},\"children\":[{\"type\":\"grid_item\",\"props\":{\"content\":\"\n\n<p>Una cirug\\u00eda de Liposucci\\u00f3n VASER dura de 1 a 2 horas<\\\/p>\",\"title\":\"Duraci\\u00f3n de una Liposucci\\u00f3n Vaser\"}},{\"type\":\"grid_item\",\"props\":{\"content\":\"\n\n<p>La anestesia utilizada en una liposucci\\u00f3n de alta definici\\u00f3n suele ser local con sedaci\\u00f3n general.<\\\/p>\",\"title\":\"Anestesia en Lipo Vaser\"}},{\"type\":\"grid_item\",\"props\":{\"content\":\"\n\n<p>La liposucci\\u00f3n Vaser es una cirug\\u00eda ambulatoria y en algunoss casos requiere 1 d\\u00eda de hospitalizaci\\u00f3n.<\\\/p>\",\"title\":\"Tiempo de hospitalizaci\\u00f3n\"}},{\"type\":\"grid_item\",\"props\":{\"content\":\"\n\n<p>Es probable que se produzcan hematomas que duran hasta 10 d\\u00edas y pueden desplazarse hacia zonas inferiores del cuerpo antes de desaparecer.<\\\/p>\",\"title\":\"Efectos secundarios Liposucci\\u00f3n Vaser\"}},{\"type\":\"grid_item\",\"props\":{\"content\":\"\n\n<p>La liposucci\\u00f3n VASER genera varias cicatrices de no m\\u00e1s de 3mm de longitud. En poco tiempo se vuelven muy dif\\u00edciles de ver si no sabemos d\\u00f3nde est\\u00e1n.<\\\/p>\",\"title\":\"Cicatrices Lipo Vaser\"}},{\"type\":\"grid_item\",\"props\":{\"content\":\"\n\n<p>El cirujano te dar\\u00e1 indicaciones sobre los medicamentos y cuidados que te ayudar\\u00e1n a tener una recuperaci\\u00f3n confortable.<\\\/p>\",\"title\":\"Nivel de dolor de una Liposucci\\u00f3n Vaser\"}}]}]}]}]}],\"version\":\"4.3.7\"} --><\/p>\n","protected":false},"excerpt":{"rendered":"<p>Liposucci\u00f3n deAlta Definici\u00f3n Lipo-succi\u00f3n de AltaDefinici\u00f3n Lleva la definici\u00f3n corporal a un nuevo nivel en manos de un Cirujano Pl\u00e1stico Certificado Lleva la definici\u00f3n corporal a un nuevo nivel en manos de un Cirujano Pl\u00e1stico Certificado TODO INCLUIDO Cirug\u00eda, quir\u00f3fano, honorarios m\u00e9dicos Consultas y controles post-quir\u00fargicos Cirug\u00eda, quir\u00f3fano, honorarios m\u00e9dicos Consultas y controles post-quir\u00fargicos Reserva [&hellip;]<\/p>\n","protected":false},"author":1,"featured_media":0,"parent":0,"menu_order":0,"comment_status":"closed","ping_status":"closed","template":"","meta":{"_acf_changed":false,"_jet_sm_ready_style":"","_jet_sm_style":"","_jet_sm_controls_values":"","_jet_sm_fonts_collection":"","_jet_sm_fonts_links":"","footnotes":""},"class_list":["post-2239","page","type-page","status-publish","hentry"],"acf":[],"_links":{"self":[{"href":"https:\/\/www.liposuccioncdmx.com\/index.php?rest_route=\/wp\/v2\/pages\/2239","targetHints":{"allow":["GET"]}}],"collection":[{"href":"https:\/\/www.liposuccioncdmx.com\/index.php?rest_route=\/wp\/v2\/pages"}],"about":[{"href":"https:\/\/www.liposuccioncdmx.com\/index.php?rest_route=\/wp\/v2\/types\/page"}],"author":[{"embeddable":true,"href":"https:\/\/www.liposuccioncdmx.com\/index.php?rest_route=\/wp\/v2\/users\/1"}],"replies":[{"embeddable":true,"href":"https:\/\/www.liposuccioncdmx.com\/index.php?rest_route=%2Fwp%2Fv2%2Fcomments&post=2239"}],"version-history":[{"count":38,"href":"https:\/\/www.liposuccioncdmx.com\/index.php?rest_route=\/wp\/v2\/pages\/2239\/revisions"}],"predecessor-version":[{"id":2667,"href":"https:\/\/www.liposuccioncdmx.com\/index.php?rest_route=\/wp\/v2\/pages\/2239\/revisions\/2667"}],"wp:attachment":[{"href":"https:\/\/www.liposuccioncdmx.com\/index.php?rest_route=%2Fwp%2Fv2%2Fmedia&parent=2239"}],"curies":[{"name":"wp","href":"https:\/\/api.w.org\/{rel}","templated":true}]}}