{"id":2124,"date":"2024-03-15T18:26:43","date_gmt":"2024-03-15T18:26:43","guid":{"rendered":"https:\/\/www.liposuccioncdmx.com\/?page_id=2124"},"modified":"2024-04-22T19:43:22","modified_gmt":"2024-04-22T19:43:22","slug":"rinoplastia-cirugia-de-nariz","status":"publish","type":"page","link":"https:\/\/www.liposuccioncdmx.com\/?page_id=2124","title":{"rendered":"Rinoplast\u00eda Cirug\u00eda de Nariz"},"content":{"rendered":"<h1>Cirug\u00eda de Nariz<br \/>Rinoplast\u00eda<\/h1>\n<h1>Cirug\u00eda de Nariz<\/p>\n<p>Rinoplast\u00eda<\/p>\n<\/h1>\n<div>Resultados arm\u00f3nicos y naturales. Tu seguridad en manos de un Cirujano Pl\u00e1stico Certificado<\/div>\n<div>Resultados arm\u00f3nicos y naturales. Tu seguridad en manos de un Cirujano Pl\u00e1stico Certificado<\/div>\n<div>TODO INCLUIDO<\/div>\n<div>Cirug\u00eda, quir\u00f3fano, honorarios m\u00e9dicos Consultas y controles post-quir\u00fargicos<\/div>\n<div>Cirug\u00eda, quir\u00f3fano, honorarios m\u00e9dicos Consultas y controles post-quir\u00fargicos<\/div>\n<p>\n    <a href=\"mailto:info@example.com\">Reserva tu Consulta de Valoraci\u00f3n<\/a>\n<\/p>\n<p>\n    <a href=\"mailto:info@example.com\">Reserva tu Consulta de Valoraci\u00f3n<\/a>\n<\/p>\n<h2>Rinoplast\u00eda en CDMX<\/h2>\n<p><img decoding=\"async\" src=\"\/wp-content\/uploads\/2024\/04\/cirugia-de-nariz-cdmx.jpg\" alt=\"rinoplastia en cdmx  precio 2024\"><\/p>\n<h3>Cirug\u00eda de Nariz<\/h3>\n<div>Creamos armon\u00eda facial<\/div>\n<div>\n<div class=\"sppb-addon-content\">\n<div id=\"sppb-addon-wrapper-1558573090139\" class=\"sppb-addon-wrapper\">\n<div id=\"sppb-addon-1558573090139\" class=\"clearfix \">\n<div class=\"sppb-addon sppb-addon-text-block sppb-text-left \">\n<h3 class=\"sppb-addon-title\">La rinoplast\u00eda o cirug\u00eda de nariz ayuda a modificar la forma y tama\u00f1o de la nariz, darle un aspecto m\u00e1s agradable y arm\u00f3nico&#8230;<\/h3>\n<div class=\"sppb-addon-content\">\n<p>La cirug\u00eda de nariz est\u00e1 indicada para Hombres y Mujeres mayores de 15 a\u00f1os inconformes con la apariencia de su nariz o que no puedan respirar bien.<\/p>\n<p>Ll\u00e1manos hoy mismo y agenda tu consulta de valoraci\u00f3n para cirug\u00eda de nariz con el Dr. Xavier S\u00e1nchez, Cirujano Pl\u00e1stico Certificado.\u00a0<\/p>\n<p>Te ayudar\u00e1 a conocer tus opciones y te explicar\u00e1 todos los detalles de la rinoplast\u00eda y su recuperaci\u00f3n.<\/p>\n<\/div>\n<\/div>\n<\/div>\n<\/div>\n<\/div>\n<\/div>\n<div>\n<div>\n<p>Las mejores t\u00e9cnicas quir\u00fargicas y la seguridad de estar en manos de un Cirujano Pl\u00e1stico Certificado experimentado y en continua actualizaci\u00f3n. Adem\u00e1s de instalaciones que garantizan tu total seguridad.<\/p>\n<\/div>\n<\/div>\n<h2>Beneficios de la Rinoplast\u00eda<\/h2>\n<ul>\n<li>\n<h3>Genera armon\u00eda facial<\/h3>\n<\/li>\n<li>\n<h3>Mejora tu confianza y autoestima<\/h3>\n<\/li>\n<li>\n<h3>Resultados arm\u00f3nicos y naturales<\/h3>\n<\/li>\n<li>\n<h3>Sus resultados se aprecian de 6 a 8 meses despu\u00e9s de la cirug\u00eda<\/h3>\n<\/li>\n<li>\n<h3>Ayuda a respirar mejor<\/h3>\n<\/li>\n<li>\n<h3>Puede resolver lesiones previas<\/h3>\n<\/li>\n<li>\n<h3>R\u00e1pida recuperaci\u00f3n<\/h3>\n<\/li>\n<\/ul>\n<h1>LO QUE DEBES SABER SOBRE LA RINOPLAST\u00cdA<\/h1>\n<ul>\n<li>\n<h3>Anestesia Cirug\u00eda de Nariz<\/h3>\n<div>\n<p>La rinoplast\u00eda requiere anestesia local con sedaci\u00f3n complementaria, o bien, anestesia general.<\/p>\n<\/div>\n<\/li>\n<li>\n<h3>Resultados de la Rinoplast\u00eda<\/h3>\n<div>\n<p>Mejora apariencia y confianza del paciente. Se respira mejor. Corrige lesiones por accidente o de nacimiento. Una rinoplast\u00eda no muestra sus resultados finales si no despu\u00e9s de 6 a 8 meses de haber sido realizada.<\/p>\n<\/div>\n<\/li>\n<li>\n<h3>Nivel de dolor cirug\u00eda de Nariz<\/h3>\n<div>\n<p>El nivel de dolor es moderado. Tu cirujano te indicar\u00e1 los cuidados que necesitas para una mejor recuperaci\u00f3n.<\/p>\n<\/div>\n<\/li>\n<li>\n<h3>Cicatrices de una Rinoplast\u00eda<\/h3>\n<div>\n<p>Todas las incisiones se hacen dentro de la nariz y resultan invisibles.<\/p>\n<\/div>\n<\/li>\n<li>\n<h3>Duraci\u00f3n de la Rinoplast\u00eda<\/h3>\n<div>\n<p>La cirug\u00eda de nariz requiere de 1 a 2 horas en quir\u00f3fano. Dependiendo de la complejidad del caso.<\/p>\n<\/div>\n<\/li>\n<li>\n<h3>Vendajes en una Cirug\u00eda de Nariz<\/h3>\n<div>\n<p>Al salir del quir\u00f3fano, usted llevar\u00e1 puesto una f\u00e9rula de acuaplast sobre la nariz para evitar deformaciones y protegerla de golpes.<\/p>\n<\/div>\n<\/li>\n<li>\n<h3>Remoci\u00f3n de puntos<\/h3>\n<div>\n<p>El retiro de puntos de una rinoplast\u00eda se realizar\u00e1 de 4 a 7 d\u00edas despu\u00e9s de la cirug\u00eda.<\/p>\n<\/div>\n<\/li>\n<\/ul>\n<p><!--more--><br \/>\n<!-- {\"type\":\"layout\",\"children\":[{\"type\":\"section\",\"props\":{\"animation\":\"fade\",\"header_transparent\":false,\"header_transparent_noplaceholder\":false,\"image\":\"wp-content\\\/uploads\\\/2024\\\/04\\\/Rinoplastia-cdmx.jpg\",\"image_effect\":\"parallax\",\"image_loading\":true,\"image_parallax_bgy\":\"40vh\",\"image_position\":\"center-center\",\"image_size\":\"cover\",\"image_width\":\"2560\",\"media_overlay\":\"rgba(0, 0, 0, 0.75)\",\"media_overlay_parallax_opacity\":\"0,1\",\"padding\":\"xlarge\",\"padding_remove_bottom\":false,\"padding_remove_top\":true,\"style\":\"default\",\"text_color\":\"light\",\"title_breakpoint\":\"xl\",\"title_position\":\"top-left\",\"title_rotation\":\"left\",\"vertical_align\":\"\",\"width\":\"expand\"},\"children\":[{\"type\":\"row\",\"children\":[{\"type\":\"column\",\"props\":{\"image_position\":\"center-center\",\"position_sticky_breakpoint\":\"m\",\"vertical_align\":\"middle\"},\"children\":[{\"type\":\"headline\",\"props\":{\"animation\":\"none\",\"content\":\"Cirug\\u00eda de Nariz<br \\\/>Rinoplast\\u00eda\",\"title_color\":\"background\",\"title_element\":\"h1\",\"title_style\":\"heading-xlarge\",\"visibility\":\"s\"}},{\"type\":\"headline\",\"props\":{\"animation\":\"none\",\"content\":\"Cirug\\u00eda de Nariz\\n\n\n<p>Rinoplast\\u00eda<\\\/p>\",\"title_color\":\"background\",\"title_element\":\"h1\",\"title_style\":\"heading-large\",\"visibility\":\"hidden-s\"}}]}],\"props\":{\"height\":\"viewport\",\"height_offset_top\":true,\"margin\":\"remove-vertical\",\"margin_remove_top\":false}},{\"type\":\"row\",\"props\":{\"margin\":\"remove-vertical\"},\"children\":[{\"type\":\"column\",\"props\":{\"image_position\":\"center-center\",\"position_sticky_breakpoint\":\"m\"},\"children\":[{\"type\":\"headline\",\"props\":{\"animation\":\"none\",\"content\":\"Resultados arm\\u00f3nicos y naturales. Tu seguridad en manos de un Cirujano Pl\\u00e1stico Certificado\",\"margin\":\"medium\",\"maxwidth\":\"2xlarge\",\"title_element\":\"div\",\"title_style\":\"h2\",\"visibility\":\"s\"}},{\"type\":\"headline\",\"props\":{\"animation\":\"none\",\"content\":\"Resultados arm\\u00f3nicos y naturales. Tu seguridad en manos de un Cirujano Pl\\u00e1stico Certificado\",\"margin\":\"medium\",\"maxwidth\":\"2xlarge\",\"title_element\":\"div\",\"title_style\":\"h3\",\"visibility\":\"hidden-s\"}}]}]},{\"type\":\"row\",\"props\":{\"css\":\"@media(min-width: 1200px) {\\n    .el-row { margin-top: 50vh!important; }\\n}\",\"layout\":\"3-5,2-5\",\"margin\":\"xlarge\",\"row_gap\":\"large\"},\"children\":[{\"type\":\"column\",\"props\":{\"image_position\":\"center-center\",\"position_sticky_breakpoint\":\"m\",\"width_xlarge\":\"expand\"}},{\"type\":\"column\",\"props\":{\"image_position\":\"center-center\",\"position_sticky_breakpoint\":\"m\",\"width_xlarge\":\"2-5\"},\"children\":[{\"type\":\"headline\",\"props\":{\"block_align\":\"center\",\"block_align_breakpoint\":\"xl\",\"content\":\"TODO INCLUIDO\",\"margin\":\"remove-vertical\",\"maxwidth\":\"xlarge\",\"title_color\":\"background\",\"title_element\":\"div\",\"title_style\":\"heading-medium\"}},{\"type\":\"headline\",\"props\":{\"block_align\":\"center\",\"block_align_breakpoint\":\"xl\",\"content\":\"Cirug\\u00eda, quir\\u00f3fano, honorarios m\\u00e9dicos Consultas y controles post-quir\\u00fargicos\",\"margin\":\"small\",\"margin_remove_bottom\":true,\"maxwidth\":\"xlarge\",\"title_element\":\"div\",\"title_style\":\"h1\",\"visibility\":\"s\"}},{\"type\":\"headline\",\"props\":{\"block_align\":\"center\",\"block_align_breakpoint\":\"xl\",\"content\":\"Cirug\\u00eda, quir\\u00f3fano, honorarios m\\u00e9dicos Consultas y controles post-quir\\u00fargicos\",\"margin\":\"small\",\"margin_remove_bottom\":true,\"maxwidth\":\"xlarge\",\"title_element\":\"div\",\"title_style\":\"h2\",\"visibility\":\"hidden-s\"}},{\"type\":\"button\",\"props\":{\"block_align\":\"center\",\"block_align_breakpoint\":\"xl\",\"button_size\":\"large\",\"fullwidth\":true,\"grid_column_gap\":\"small\",\"grid_row_gap\":\"small\",\"margin\":\"large\",\"maxwidth\":\"xlarge\",\"visibility\":\"s\"},\"children\":[{\"type\":\"button_item\",\"props\":{\"button_style\":\"default\",\"content\":\"Reserva tu Consulta de Valoraci\\u00f3n\",\"icon_align\":\"left\",\"link\":\"mailto:info@example.com\"}}]},{\"type\":\"button\",\"props\":{\"block_align\":\"center\",\"block_align_breakpoint\":\"l\",\"fullwidth\":true,\"grid_column_gap\":\"small\",\"grid_row_gap\":\"small\",\"margin\":\"large\",\"maxwidth\":\"large\",\"visibility\":\"hidden-s\"},\"children\":[{\"type\":\"button_item\",\"props\":{\"button_style\":\"default\",\"content\":\"Reserva tu Consulta de Valoraci\\u00f3n\",\"icon_align\":\"left\",\"link\":\"mailto:info@example.com\"}}]}]}]}],\"name\":\"Hero\"},{\"type\":\"section\",\"props\":{\"animation\":\"fade\",\"id\":\"team\",\"image_position\":\"center-center\",\"padding\":\"large\",\"padding_remove_bottom\":true,\"style\":\"default\",\"title_breakpoint\":\"xl\",\"title_position\":\"top-left\",\"title_rotation\":\"left\",\"vertical_align\":\"middle\",\"width\":\"expand\"},\"children\":[{\"type\":\"row\",\"children\":[{\"type\":\"column\",\"props\":{\"image_position\":\"center-center\",\"position_sticky_breakpoint\":\"m\"},\"children\":[{\"type\":\"headline\",\"props\":{\"content\":\"Rinoplast\\u00eda en CDMX\",\"margin\":\"default\",\"title_element\":\"h2\",\"title_style\":\"heading-medium\"}}]}],\"props\":{\"margin\":\"xlarge\"}},{\"type\":\"row\",\"props\":{\"column_gap\":\"large\",\"layout\":\"1-2,1-2\",\"margin\":\"medium\",\"row_gap\":\"large\",\"width\":\"expand\"},\"children\":[{\"type\":\"column\",\"props\":{\"image_position\":\"center-center\",\"order_first\":\"xs\",\"position_sticky_breakpoint\":\"m\",\"width_medium\":\"1-2\"},\"children\":[{\"type\":\"image\",\"props\":{\"animation\":\"none\",\"image\":\"wp-content\\\/uploads\\\/2024\\\/04\\\/cirugia-de-nariz-cdmx.jpg\",\"image_alt\":\"rinoplastia en cdmx  precio 2024\",\"image_svg_color\":\"emphasis\",\"image_width\":\"1230\",\"margin\":\"default\",\"text_color\":\"light\"}}]},{\"type\":\"column\",\"props\":{\"image_position\":\"center-center\",\"position_sticky_breakpoint\":\"m\",\"vertical_align\":\"middle\",\"width_medium\":\"1-2\"},\"children\":[{\"type\":\"headline\",\"props\":{\"animation\":\"parallax\",\"block_align\":\"center\",\"content\":\"Cirug\\u00eda de Nariz\",\"margin\":\"small\",\"maxwidth\":\"large\",\"parallax_breakpoint\":\"m\",\"parallax_y\":\"100,-100\",\"title_element\":\"h3\",\"title_style\":\"heading-medium\"}},{\"type\":\"headline\",\"props\":{\"animation\":\"parallax\",\"block_align\":\"center\",\"content\":\"Creamos armon\\u00eda facial\",\"margin\":\"large\",\"margin_remove_top\":true,\"maxwidth\":\"large\",\"parallax_breakpoint\":\"m\",\"parallax_y\":\"100,-100\",\"title_color\":\"muted\",\"title_element\":\"div\",\"title_style\":\"h3\"}},{\"type\":\"text\",\"props\":{\"animation\":\"parallax\",\"block_align\":\"center\",\"column_breakpoint\":\"m\",\"content\":\"\n\n<div class=\\\"sppb-addon-content\\\">\\n\n\n<div id=\\\"sppb-addon-wrapper-1558573090139\\\" class=\\\"sppb-addon-wrapper\\\">\\n\n\n<div id=\\\"sppb-addon-1558573090139\\\" class=\\\"clearfix \\\">\\n\n\n<div class=\\\"sppb-addon sppb-addon-text-block sppb-text-left \\\">\\n\n\n<h3 class=\\\"sppb-addon-title\\\">La rinoplast\\u00eda o cirug\\u00eda de nariz ayuda a modificar la forma y tama\\u00f1o de la nariz, darle un aspecto m\\u00e1s agradable y arm\\u00f3nico...<\\\/h3>\\n\n\n<div class=\\\"sppb-addon-content\\\">\\n\n\n<p>La cirug\\u00eda de nariz est\\u00e1 indicada para Hombres y Mujeres mayores de 15 a\\u00f1os inconformes con la apariencia de su nariz o que no puedan respirar bien.<br \\\/><br \\\/>Ll\\u00e1manos hoy mismo y agenda tu consulta de valoraci\\u00f3n para cirug\\u00eda de nariz con el Dr. Xavier S\\u00e1nchez, Cirujano Pl\\u00e1stico Certificado.\\u00a0<\\\/p>\\n\n\n<p>Te ayudar\\u00e1 a conocer tus opciones y te explicar\\u00e1 todos los detalles de la rinoplast\\u00eda y su recuperaci\\u00f3n.<\\\/p>\\n<\\\/div>\\n<\\\/div>\\n<\\\/div>\\n<\\\/div>\\n<\\\/div>\",\"margin\":\"large\",\"margin_remove_top\":true,\"maxwidth\":\"large\",\"parallax_breakpoint\":\"m\",\"parallax_y\":\"100,-100\"}},{\"type\":\"list\",\"props\":{\"animation\":\"parallax\",\"block_align\":\"center\",\"column_breakpoint\":\"m\",\"content_style\":\"h5\",\"image_align\":\"left\",\"image_svg_color\":\"emphasis\",\"image_vertical_align\":true,\"list_element\":\"ul\",\"list_horizontal_separator\":\", \",\"list_type\":\"horizontal\",\"margin\":\"default\",\"maxwidth\":\"large\",\"parallax_breakpoint\":\"m\",\"parallax_y\":\"100,-100\",\"show_image\":true,\"show_link\":true},\"children\":[{\"type\":\"list_item\",\"props\":{\"content\":\"\n\n<p>Las mejores t\\u00e9cnicas quir\\u00fargicas y la seguridad de estar en manos de un Cirujano Pl\\u00e1stico Certificado experimentado y en continua actualizaci\\u00f3n. Adem\\u00e1s de instalaciones que garantizan tu total seguridad.<\\\/p>\"}}]}]}]}],\"name\":\"Modulo imagen texto\"},{\"type\":\"section\",\"props\":{\"animation\":\"fade\",\"image_position\":\"center-center\",\"padding\":\"xlarge\",\"style\":\"default\",\"title_breakpoint\":\"xl\",\"title_position\":\"top-left\",\"title_rotation\":\"left\",\"vertical_align\":\"middle\",\"width\":\"\"},\"children\":[{\"type\":\"row\",\"props\":{\"column_gap\":\"large\",\"layout\":\"1-2,1-2\",\"margin_remove_bottom\":true,\"row_gap\":\"large\",\"width\":\"large\"},\"children\":[{\"type\":\"column\",\"props\":{\"image_position\":\"center-center\",\"position_sticky_breakpoint\":\"m\",\"width_medium\":\"1-2\"},\"children\":[{\"type\":\"headline\",\"props\":{\"content\":\"Beneficios de la Rinoplast\\u00eda\",\"text_align\":\"left\",\"title_element\":\"h2\",\"title_style\":\"heading-medium\"}}]},{\"type\":\"column\",\"props\":{\"image_position\":\"center-center\",\"position_sticky_breakpoint\":\"m\",\"width_medium\":\"1-2\"},\"children\":[{\"type\":\"grid\",\"props\":{\"content_column_breakpoint\":\"m\",\"filter_align\":\"left\",\"filter_all\":true,\"filter_grid_breakpoint\":\"m\",\"filter_grid_width\":\"auto\",\"filter_position\":\"top\",\"filter_style\":\"tab\",\"grid_default\":\"1\",\"grid_divider\":true,\"grid_medium\":\"\",\"icon_width\":80,\"image_align\":\"top\",\"image_grid_breakpoint\":\"m\",\"image_grid_width\":\"1-2\",\"image_svg_color\":\"emphasis\",\"item_animation\":true,\"link_style\":\"default\",\"link_text\":\"Read more\",\"margin\":\"default\",\"meta_align\":\"below-title\",\"meta_element\":\"div\",\"meta_style\":\"text-meta\",\"show_content\":true,\"show_image\":true,\"show_link\":true,\"show_meta\":true,\"show_title\":true,\"title_align\":\"top\",\"title_decoration\":\"bullet\",\"title_element\":\"h3\",\"title_grid_breakpoint\":\"m\",\"title_grid_width\":\"1-2\",\"title_hover_style\":\"reset\"},\"children\":[{\"type\":\"grid_item\",\"props\":{\"content\":\"\",\"title\":\"Genera armon\\u00eda facial\"}},{\"type\":\"grid_item\",\"props\":{\"content\":\"\",\"title\":\"Mejora tu confianza y autoestima\"}},{\"type\":\"grid_item\",\"props\":{\"title\":\"Resultados arm\\u00f3nicos y naturales\"}},{\"type\":\"grid_item\",\"props\":{\"title\":\"Sus resultados se aprecian de 6 a 8 meses despu\\u00e9s de la cirug\\u00eda\"}},{\"type\":\"grid_item\",\"props\":{\"title\":\"Ayuda a respirar mejor\"}},{\"type\":\"grid_item\",\"props\":{\"title\":\"Puede resolver lesiones previas\"}},{\"type\":\"grid_item\",\"props\":{\"title\":\"R\\u00e1pida recuperaci\\u00f3n\"}}]}]}]}],\"name\":\"About\"},{\"type\":\"section\",\"props\":{\"image_position\":\"center-center\",\"padding\":\"xsmall\",\"padding_remove_top\":true,\"style\":\"default\",\"title_breakpoint\":\"xl\",\"title_position\":\"top-left\",\"title_rotation\":\"left\",\"vertical_align\":\"middle\",\"width\":\"default\"},\"children\":[{\"type\":\"row\",\"children\":[{\"type\":\"column\",\"props\":{\"image_position\":\"center-center\",\"position_sticky_breakpoint\":\"m\"},\"children\":[{\"type\":\"headline\",\"props\":{\"content\":\"LO QUE DEBES SABER SOBRE LA RINOPLAST\\u00cdA\",\"text_align\":\"center\",\"title_color\":\"emphasis\",\"title_element\":\"h1\",\"title_style\":\"h2\"}}]}]}]},{\"type\":\"section\",\"props\":{\"html_element\":\"header\",\"image_position\":\"center-center\",\"padding_remove_top\":false,\"style\":\"default\",\"title\":\"Lo que debes saber sobre implantes mamarios\",\"title_breakpoint\":\"xl\",\"title_position\":\"top-left\",\"title_rotation\":\"left\",\"vertical_align\":\"middle\",\"width\":\"default\"},\"children\":[{\"type\":\"row\",\"children\":[{\"type\":\"column\",\"props\":{\"image_position\":\"center-center\",\"position_sticky_breakpoint\":\"m\"},\"children\":[{\"type\":\"grid\",\"props\":{\"content_column_breakpoint\":\"m\",\"filter_align\":\"left\",\"filter_all\":true,\"filter_grid_breakpoint\":\"m\",\"filter_grid_width\":\"auto\",\"filter_position\":\"top\",\"filter_style\":\"tab\",\"grid_default\":\"1\",\"grid_divider\":true,\"grid_medium\":\"3\",\"icon_width\":80,\"image_align\":\"top\",\"image_grid_breakpoint\":\"m\",\"image_grid_width\":\"1-2\",\"image_svg_color\":\"emphasis\",\"item_animation\":true,\"link_style\":\"default\",\"link_text\":\"Read more\",\"margin\":\"default\",\"meta_align\":\"below-title\",\"meta_element\":\"div\",\"meta_style\":\"text-meta\",\"show_content\":true,\"show_image\":true,\"show_link\":true,\"show_meta\":true,\"show_title\":true,\"title_align\":\"top\",\"title_color\":\"background\",\"title_element\":\"h3\",\"title_grid_breakpoint\":\"m\",\"title_grid_width\":\"1-2\",\"title_hover_style\":\"reset\",\"title_style\":\"h4\"},\"children\":[{\"type\":\"grid_item\",\"props\":{\"content\":\"\n\n<p>La rinoplast\\u00eda requiere anestesia local con sedaci\\u00f3n complementaria, o bien, anestesia general.<\\\/p>\",\"title\":\"Anestesia Cirug\\u00eda de Nariz\"}},{\"type\":\"grid_item\",\"props\":{\"content\":\"\n\n<p>Mejora apariencia y confianza del paciente. Se respira mejor. Corrige lesiones por accidente o de nacimiento. Una rinoplast\\u00eda no muestra sus resultados finales si no despu\\u00e9s de 6 a 8 meses de haber sido realizada.<\\\/p>\",\"title\":\"Resultados de la Rinoplast\\u00eda\"}},{\"type\":\"grid_item\",\"props\":{\"content\":\"\n\n<p>El nivel de dolor es moderado. Tu cirujano te indicar\\u00e1 los cuidados que necesitas para una mejor recuperaci\\u00f3n.<\\\/p>\",\"title\":\"Nivel de dolor cirug\\u00eda de Nariz\"}},{\"type\":\"grid_item\",\"props\":{\"content\":\"\n\n<p>Todas las incisiones se hacen dentro de la nariz y resultan invisibles.<\\\/p>\",\"title\":\"Cicatrices de una Rinoplast\\u00eda\"}},{\"type\":\"grid_item\",\"props\":{\"content\":\"\n\n<p>La cirug\\u00eda de nariz requiere de 1 a 2 horas en quir\\u00f3fano. Dependiendo de la complejidad del caso.<\\\/p>\",\"title\":\"Duraci\\u00f3n de la Rinoplast\\u00eda\"}},{\"type\":\"grid_item\",\"props\":{\"content\":\"\n\n<p>Al salir del quir\\u00f3fano, usted llevar\\u00e1 puesto una f\\u00e9rula de acuaplast sobre la nariz para evitar deformaciones y protegerla de golpes.<\\\/p>\",\"title\":\"Vendajes en una Cirug\\u00eda de Nariz\"}},{\"type\":\"grid_item\",\"props\":{\"content\":\"\n\n<p>El retiro de puntos de una rinoplast\\u00eda se realizar\\u00e1 de 4 a 7 d\\u00edas despu\\u00e9s de la cirug\\u00eda.<\\\/p>\",\"title\":\"Remoci\\u00f3n de puntos\"}}]}]}]}]}],\"version\":\"4.3.7\"} --><\/p>\n","protected":false},"excerpt":{"rendered":"<p>Cirug\u00eda de NarizRinoplast\u00eda Cirug\u00eda de Nariz Rinoplast\u00eda Resultados arm\u00f3nicos y naturales. Tu seguridad en manos de un Cirujano Pl\u00e1stico Certificado Resultados arm\u00f3nicos y naturales. Tu seguridad en manos de un Cirujano Pl\u00e1stico Certificado TODO INCLUIDO Cirug\u00eda, quir\u00f3fano, honorarios m\u00e9dicos Consultas y controles post-quir\u00fargicos Cirug\u00eda, quir\u00f3fano, honorarios m\u00e9dicos Consultas y controles post-quir\u00fargicos Reserva tu Consulta de [&hellip;]<\/p>\n","protected":false},"author":1,"featured_media":0,"parent":0,"menu_order":0,"comment_status":"closed","ping_status":"closed","template":"","meta":{"_acf_changed":false,"_jet_sm_ready_style":"","_jet_sm_style":"","_jet_sm_controls_values":"","_jet_sm_fonts_collection":"","_jet_sm_fonts_links":"","footnotes":""},"class_list":["post-2124","page","type-page","status-publish","hentry"],"acf":[],"_links":{"self":[{"href":"https:\/\/www.liposuccioncdmx.com\/index.php?rest_route=\/wp\/v2\/pages\/2124","targetHints":{"allow":["GET"]}}],"collection":[{"href":"https:\/\/www.liposuccioncdmx.com\/index.php?rest_route=\/wp\/v2\/pages"}],"about":[{"href":"https:\/\/www.liposuccioncdmx.com\/index.php?rest_route=\/wp\/v2\/types\/page"}],"author":[{"embeddable":true,"href":"https:\/\/www.liposuccioncdmx.com\/index.php?rest_route=\/wp\/v2\/users\/1"}],"replies":[{"embeddable":true,"href":"https:\/\/www.liposuccioncdmx.com\/index.php?rest_route=%2Fwp%2Fv2%2Fcomments&post=2124"}],"version-history":[{"count":34,"href":"https:\/\/www.liposuccioncdmx.com\/index.php?rest_route=\/wp\/v2\/pages\/2124\/revisions"}],"predecessor-version":[{"id":2671,"href":"https:\/\/www.liposuccioncdmx.com\/index.php?rest_route=\/wp\/v2\/pages\/2124\/revisions\/2671"}],"wp:attachment":[{"href":"https:\/\/www.liposuccioncdmx.com\/index.php?rest_route=%2Fwp%2Fv2%2Fmedia&parent=2124"}],"curies":[{"name":"wp","href":"https:\/\/api.w.org\/{rel}","templated":true}]}}