{"id":2123,"date":"2024-03-15T18:26:52","date_gmt":"2024-03-15T18:26:52","guid":{"rendered":"https:\/\/www.liposuccioncdmx.com\/?page_id=2123"},"modified":"2024-04-22T17:15:50","modified_gmt":"2024-04-22T17:15:50","slug":"ritidectomia-lifting-facial","status":"publish","type":"page","link":"https:\/\/www.liposuccioncdmx.com\/?page_id=2123","title":{"rendered":"Ritidectomia Lifting facial"},"content":{"rendered":"<h1>Ritidectom\u00eda<br \/>Lifting Facial<\/h1>\n<h1>Ritidecto-m\u00eda<br \/>Lifting Facial<\/h1>\n<div>Resultados arm\u00f3nicos y naturales. Tu seguridad en manos de un Cirujano Pl\u00e1stico Certificado<\/div>\n<div>Resultados arm\u00f3nicos y naturales. Tu seguridad en manos de un Cirujano Pl\u00e1stico Certificado<\/div>\n<div>TODO INCLUIDO<\/div>\n<div>Cirug\u00eda, quir\u00f3fano, honorarios m\u00e9dicos Consultas y controles post-quir\u00fargicos<\/div>\n<div>Cirug\u00eda, quir\u00f3fano, honorarios m\u00e9dicos Consultas y controles post-quir\u00fargicos<\/div>\n<p>\n    <a href=\"mailto:info@example.com\">Reserva tu Consulta de Valoraci\u00f3n<\/a>\n<\/p>\n<p>\n    <a href=\"mailto:info@example.com\">Reserva tu Consulta de Valoraci\u00f3n<\/a>\n<\/p>\n<h2>Lifting Facial CDMX<\/h2>\n<p><img decoding=\"async\" src=\"\/wp-content\/uploads\/2024\/03\/cirugia-de-lifting-facial-cdmx.jpg\" alt=\"aumento mamario en cdmx  precio 2024\"><\/p>\n<h3>Cirug\u00eda de Lifting Facial<\/h3>\n<div>RITIDECTOM\u00cdA<\/div>\n<div>\n<div class=\"sppb-addon-content\">\n<h3 class=\"sppb-addon-title\">La ritidectom\u00eda levanta los tejidos faciales para que tenga nuevamente un aspecto de juventud, renovando la confianza del paciente y su autoestima&#8230;<\/h3>\n<p><strong>La ritidectom\u00eda o cirug\u00eda de Lifting Facial est\u00e1 indicada para hombres y mujeres mayores de 40 a\u00f1os con piel hundida y mirada triste da\u00f1ada por el sol&#8230;<\/strong><\/div>\n<\/div>\n<div>\n<div>\n<p>Costo de lifting facial en CDMX | Agenda tu valoraci\u00f3n y recibe presupuesto.<\/p>\n<\/div>\n<\/div>\n<h2>Conoce m\u00e1s sobre<br \/>la Cirug\u00eda de Lifting Facial<\/h2>\n<ul>\n<li>\n<h3>\u00bfTienes dudas sobre la cirug\u00eda de Lifting Facial?<\/h3>\n<div>\n<div class=\"sppb-addon-content\">\n<p>Ll\u00e1manos hoy mismo y agenda tu consulta de valoraci\u00f3n para cirug\u00eda de Lifting Facial en CDMX con el Dr. Xavier S\u00e1nchez, Cirujano Pl\u00e1stico Certificado.<\/p>\n<p>Te ayudar\u00e1 a conocer tus opciones y te explicar\u00e1 todos los detalles de la ritidectom\u00eda \u00f3 cirug\u00eda de lifting facial y su recuperaci\u00f3n.<\/p>\n<\/div>\n<\/div>\n<\/li>\n<li>\n<h3>Nuestras ventajas en la Ritidectom\u00eda<\/h3>\n<div>\n<p>Las mejores t\u00e9cnicas quir\u00fargicas y la seguridad de estar en manos de un Cirujano Pl\u00e1stico Certificado experimentado y en continua actualizaci\u00f3n. Adem\u00e1s de instalaciones que garantizan tu total seguridad.<\/p>\n<\/div>\n<\/li>\n<\/ul>\n<h2>Beneficios de la Cirug\u00eda de Lifting Facial<\/h2>\n<ul>\n<li>\n<h3>Levantamiento del tejido facial<\/h3>\n<\/li>\n<li>\n<h3>Elimina l\u00edneas finas de expresi\u00f3n<\/h3>\n<\/li>\n<li>\n<h3>Levantamiento del tejido facial<\/h3>\n<\/li>\n<li>\n<h3>Aumenta tu seguridad y confianza<\/h3>\n<\/li>\n<li>\n<h3>Brinda un aspecto de juventud<\/h3>\n<\/li>\n<li>\n<h3>Resultados que duran de 5 a 10 a\u00f1os<\/h3>\n<\/li>\n<li>\n<h3>R\u00e1pida recuperaci\u00f3n<\/h3>\n<\/li>\n<\/ul>\n<h1>LO QUE DEBES SABER SOBRE LA CIRUG\u00cdA DE LIFTING FACIAL<\/h1>\n<ul>\n<li>\n<h3>Tiempo de Cirug\u00eda de Lifting Facial<\/h3>\n<div>\n<p>La cirug\u00eda de lifting facial dura de 2 a 4 horas.<\/p>\n<\/div>\n<\/li>\n<li>\n<h3>Tiempo de Hospitalizaci\u00f3n<\/h3>\n<div>\n<p>Cirug\u00eda ambulatoria<\/p>\n<\/div>\n<\/li>\n<li>\n<h3>Tipo de anestesia en una Ritidectom\u00eda<\/h3>\n<div>\n<p>Usualmente se utiliza anestesia local con sedaci\u00f3n general<\/p>\n<\/div>\n<\/li>\n<li>\n<h3>Cuidados en una Cirug\u00eda de Lifting Facial<\/h3>\n<div>\n<p>Utilizaci\u00f3n de vendaje en el rostro que ser\u00e1 retirado a las 24 horas por el cirujano<\/p>\n<\/div>\n<\/li>\n<li>\n<h3>Es dolorosa?<\/h3>\n<div>\n<p>Presenta dolor moderado y cicatrices dif\u00edcilmente perceptibles<\/p>\n<\/div>\n<\/li>\n<li>\n<h3>Precios de una Cirug\u00eda de Lifting Facial<\/h3>\n<div>\n<p>Resuelve toda tus dudas y recibe un presupuesto personalizadoen la consulta de valoraci\u00f3n.<\/p>\n<\/div>\n<\/li>\n<\/ul>\n<p><!--more--><br \/>\n<!-- {\"type\":\"layout\",\"children\":[{\"type\":\"section\",\"props\":{\"animation\":\"fade\",\"header_transparent\":false,\"header_transparent_noplaceholder\":false,\"image\":\"wp-content\\\/uploads\\\/2024\\\/03\\\/lifting-facial-cdmx.jpg\",\"image_effect\":\"parallax\",\"image_loading\":true,\"image_parallax_bgy\":\"40vh\",\"image_position\":\"center-center\",\"image_size\":\"cover\",\"image_width\":\"2560\",\"media_overlay\":\"rgba(0, 0, 0, 0.75)\",\"media_overlay_parallax_opacity\":\"0,1\",\"padding\":\"xlarge\",\"padding_remove_bottom\":false,\"padding_remove_top\":true,\"style\":\"default\",\"text_color\":\"light\",\"title_breakpoint\":\"xl\",\"title_position\":\"top-left\",\"title_rotation\":\"left\",\"vertical_align\":\"\",\"width\":\"expand\"},\"children\":[{\"type\":\"row\",\"children\":[{\"type\":\"column\",\"props\":{\"image_position\":\"center-center\",\"position_sticky_breakpoint\":\"m\",\"vertical_align\":\"middle\"},\"children\":[{\"type\":\"headline\",\"props\":{\"animation\":\"none\",\"content\":\"Ritidectom\\u00eda<br \\\/>Lifting Facial\",\"title_color\":\"background\",\"title_element\":\"h1\",\"title_style\":\"heading-xlarge\",\"visibility\":\"s\"}},{\"type\":\"headline\",\"props\":{\"animation\":\"none\",\"content\":\"Ritidecto-m\\u00eda<br \\\/>Lifting Facial\",\"title_color\":\"background\",\"title_element\":\"h1\",\"title_style\":\"heading-xlarge\",\"visibility\":\"hidden-s\"}}]}],\"props\":{\"height\":\"viewport\",\"height_offset_top\":true,\"margin\":\"remove-vertical\",\"margin_remove_top\":false}},{\"type\":\"row\",\"props\":{\"margin\":\"remove-vertical\"},\"children\":[{\"type\":\"column\",\"props\":{\"image_position\":\"center-center\",\"position_sticky_breakpoint\":\"m\"},\"children\":[{\"type\":\"headline\",\"props\":{\"animation\":\"none\",\"content\":\"Resultados arm\\u00f3nicos y naturales. Tu seguridad en manos de un Cirujano Pl\\u00e1stico Certificado\",\"margin\":\"medium\",\"maxwidth\":\"2xlarge\",\"title_element\":\"div\",\"title_style\":\"h2\",\"visibility\":\"s\"}},{\"type\":\"headline\",\"props\":{\"animation\":\"none\",\"content\":\"Resultados arm\\u00f3nicos y naturales. Tu seguridad en manos de un Cirujano Pl\\u00e1stico Certificado\",\"margin\":\"medium\",\"maxwidth\":\"2xlarge\",\"title_element\":\"div\",\"title_style\":\"h3\",\"visibility\":\"hidden-s\"}}]}]},{\"type\":\"row\",\"props\":{\"css\":\"@media(min-width: 1200px) {\\n    .el-row { margin-top: 50vh!important; }\\n}\",\"layout\":\"3-5,2-5\",\"margin\":\"xlarge\",\"row_gap\":\"large\"},\"children\":[{\"type\":\"column\",\"props\":{\"image_position\":\"center-center\",\"position_sticky_breakpoint\":\"m\",\"width_xlarge\":\"expand\"}},{\"type\":\"column\",\"props\":{\"image_position\":\"center-center\",\"position_sticky_breakpoint\":\"m\",\"width_xlarge\":\"2-5\"},\"children\":[{\"type\":\"headline\",\"props\":{\"block_align\":\"center\",\"block_align_breakpoint\":\"xl\",\"content\":\"TODO INCLUIDO\",\"margin\":\"remove-vertical\",\"maxwidth\":\"xlarge\",\"title_color\":\"background\",\"title_element\":\"div\",\"title_style\":\"heading-medium\"}},{\"type\":\"headline\",\"props\":{\"block_align\":\"center\",\"block_align_breakpoint\":\"xl\",\"content\":\"Cirug\\u00eda, quir\\u00f3fano, honorarios m\\u00e9dicos Consultas y controles post-quir\\u00fargicos\",\"margin\":\"small\",\"margin_remove_bottom\":true,\"maxwidth\":\"xlarge\",\"title_element\":\"div\",\"title_style\":\"h1\",\"visibility\":\"s\"}},{\"type\":\"headline\",\"props\":{\"block_align\":\"center\",\"block_align_breakpoint\":\"xl\",\"content\":\"Cirug\\u00eda, quir\\u00f3fano, honorarios m\\u00e9dicos Consultas y controles post-quir\\u00fargicos\",\"margin\":\"small\",\"margin_remove_bottom\":true,\"maxwidth\":\"xlarge\",\"title_element\":\"div\",\"title_style\":\"h2\",\"visibility\":\"hidden-s\"}},{\"type\":\"button\",\"props\":{\"block_align\":\"center\",\"block_align_breakpoint\":\"xl\",\"button_size\":\"large\",\"fullwidth\":true,\"grid_column_gap\":\"small\",\"grid_row_gap\":\"small\",\"margin\":\"large\",\"maxwidth\":\"xlarge\",\"visibility\":\"s\"},\"children\":[{\"type\":\"button_item\",\"props\":{\"button_style\":\"default\",\"content\":\"Reserva tu Consulta de Valoraci\\u00f3n\",\"icon_align\":\"left\",\"link\":\"mailto:info@example.com\"}}]},{\"type\":\"button\",\"props\":{\"block_align\":\"center\",\"block_align_breakpoint\":\"l\",\"fullwidth\":true,\"grid_column_gap\":\"small\",\"grid_row_gap\":\"small\",\"margin\":\"large\",\"maxwidth\":\"large\",\"visibility\":\"hidden-s\"},\"children\":[{\"type\":\"button_item\",\"props\":{\"button_style\":\"default\",\"content\":\"Reserva tu Consulta de Valoraci\\u00f3n\",\"icon_align\":\"left\",\"link\":\"mailto:info@example.com\"}}]}]}]}],\"name\":\"Hero\"},{\"type\":\"section\",\"props\":{\"animation\":\"fade\",\"id\":\"team\",\"image_position\":\"center-center\",\"padding\":\"large\",\"padding_remove_bottom\":true,\"style\":\"default\",\"title_breakpoint\":\"xl\",\"title_position\":\"top-left\",\"title_rotation\":\"left\",\"vertical_align\":\"middle\",\"width\":\"expand\"},\"children\":[{\"type\":\"row\",\"children\":[{\"type\":\"column\",\"props\":{\"image_position\":\"center-center\",\"position_sticky_breakpoint\":\"m\"},\"children\":[{\"type\":\"headline\",\"props\":{\"content\":\"Lifting Facial CDMX\",\"margin\":\"default\",\"title_element\":\"h2\",\"title_style\":\"heading-medium\"}}]}],\"props\":{\"margin\":\"xlarge\"}},{\"type\":\"row\",\"props\":{\"column_gap\":\"large\",\"layout\":\"1-2,1-2\",\"margin\":\"medium\",\"row_gap\":\"large\",\"width\":\"expand\"},\"children\":[{\"type\":\"column\",\"props\":{\"image_position\":\"center-center\",\"order_first\":\"xs\",\"position_sticky_breakpoint\":\"m\",\"width_medium\":\"1-2\"},\"children\":[{\"type\":\"image\",\"props\":{\"animation\":\"none\",\"image\":\"wp-content\\\/uploads\\\/2024\\\/03\\\/cirugia-de-lifting-facial-cdmx.jpg\",\"image_alt\":\"aumento mamario en cdmx  precio 2024\",\"image_svg_color\":\"emphasis\",\"image_width\":\"1230\",\"margin\":\"default\",\"text_color\":\"light\"}}]},{\"type\":\"column\",\"props\":{\"image_position\":\"center-center\",\"position_sticky_breakpoint\":\"m\",\"vertical_align\":\"middle\",\"width_medium\":\"1-2\"},\"children\":[{\"type\":\"headline\",\"props\":{\"animation\":\"parallax\",\"block_align\":\"center\",\"content\":\"Cirug\\u00eda de Lifting Facial\",\"margin\":\"small\",\"maxwidth\":\"large\",\"parallax_breakpoint\":\"m\",\"parallax_y\":\"100,-100\",\"title_element\":\"h3\",\"title_style\":\"heading-medium\"}},{\"type\":\"headline\",\"props\":{\"animation\":\"parallax\",\"block_align\":\"center\",\"content\":\"RITIDECTOM\\u00cdA\",\"margin\":\"large\",\"margin_remove_top\":true,\"maxwidth\":\"large\",\"parallax_breakpoint\":\"m\",\"parallax_y\":\"100,-100\",\"title_color\":\"muted\",\"title_element\":\"div\",\"title_style\":\"h3\"}},{\"type\":\"text\",\"props\":{\"animation\":\"parallax\",\"block_align\":\"center\",\"column_breakpoint\":\"m\",\"content\":\"\n\n<div class=\\\"sppb-addon-content\\\">\\n\n\n<h3 class=\\\"sppb-addon-title\\\">La ritidectom\\u00eda levanta los tejidos faciales para que tenga nuevamente un aspecto de juventud, renovando la confianza del paciente y su autoestima...<\\\/h3>\\n<strong>La ritidectom\\u00eda o cirug\\u00eda de Lifting Facial est\\u00e1 indicada para hombres y mujeres mayores de 40 a\\u00f1os con piel hundida y mirada triste da\\u00f1ada por el sol...<\\\/strong><\\\/div>\",\"margin\":\"large\",\"margin_remove_top\":true,\"maxwidth\":\"large\",\"parallax_breakpoint\":\"m\",\"parallax_y\":\"100,-100\"}},{\"type\":\"list\",\"props\":{\"animation\":\"parallax\",\"block_align\":\"center\",\"column_breakpoint\":\"m\",\"content_style\":\"h5\",\"image_align\":\"left\",\"image_svg_color\":\"emphasis\",\"image_vertical_align\":true,\"list_element\":\"ul\",\"list_horizontal_separator\":\", \",\"list_type\":\"horizontal\",\"margin\":\"default\",\"maxwidth\":\"large\",\"parallax_breakpoint\":\"m\",\"parallax_y\":\"100,-100\",\"show_image\":true,\"show_link\":true},\"children\":[{\"type\":\"list_item\",\"props\":{\"content\":\"\n\n<p>Costo de lifting facial en CDMX | Agenda tu valoraci\\u00f3n y recibe presupuesto.<\\\/p>\"}}]}]}]}],\"name\":\"Modulo imagen texto\"},{\"type\":\"section\",\"props\":{\"animation\":\"fade\",\"image_position\":\"center-center\",\"padding\":\"xsmall\",\"padding_remove_bottom\":true,\"padding_remove_top\":false,\"style\":\"default\",\"title_breakpoint\":\"xl\",\"title_position\":\"top-left\",\"title_rotation\":\"left\",\"vertical_align\":\"middle\",\"width\":\"\"},\"children\":[{\"type\":\"row\",\"props\":{\"column_gap\":\"large\",\"layout\":\"1-2,1-2\",\"margin_remove_bottom\":true,\"row_gap\":\"large\",\"width\":\"large\"},\"children\":[{\"type\":\"column\",\"props\":{\"image_position\":\"center-center\",\"position_sticky_breakpoint\":\"m\",\"width_medium\":\"1-2\"},\"children\":[{\"type\":\"headline\",\"props\":{\"content\":\"Conoce m\\u00e1s sobre<br \\\/>la Cirug\\u00eda de Lifting Facial\",\"text_align\":\"left\",\"title_element\":\"h2\",\"title_style\":\"heading-medium\"}}]},{\"type\":\"column\",\"props\":{\"image_position\":\"center-center\",\"position_sticky_breakpoint\":\"m\",\"width_medium\":\"1-2\"},\"children\":[{\"type\":\"grid\",\"props\":{\"content_column_breakpoint\":\"m\",\"filter_align\":\"left\",\"filter_all\":true,\"filter_grid_breakpoint\":\"m\",\"filter_grid_width\":\"auto\",\"filter_position\":\"top\",\"filter_style\":\"tab\",\"grid_default\":\"1\",\"grid_divider\":true,\"grid_medium\":\"\",\"icon_width\":80,\"image_align\":\"top\",\"image_grid_breakpoint\":\"m\",\"image_grid_width\":\"1-2\",\"image_svg_color\":\"emphasis\",\"item_animation\":true,\"link_style\":\"default\",\"link_text\":\"Read more\",\"margin\":\"default\",\"meta_align\":\"below-title\",\"meta_element\":\"div\",\"meta_style\":\"text-meta\",\"show_content\":true,\"show_image\":true,\"show_link\":true,\"show_meta\":true,\"show_title\":true,\"title_align\":\"top\",\"title_decoration\":\"bullet\",\"title_element\":\"h3\",\"title_grid_breakpoint\":\"m\",\"title_grid_width\":\"1-2\",\"title_hover_style\":\"reset\"},\"children\":[{\"type\":\"grid_item\",\"props\":{\"content\":\"\n\n<div class=\\\"sppb-addon-content\\\">\\n\n\n<p>Ll\\u00e1manos hoy mismo y agenda tu consulta de valoraci\\u00f3n para cirug\\u00eda de Lifting Facial en CDMX con el Dr. Xavier S\\u00e1nchez, Cirujano Pl\\u00e1stico Certificado.<\\\/p>\\n\n\n<p>Te ayudar\\u00e1 a conocer tus opciones y te explicar\\u00e1 todos los detalles de la ritidectom\\u00eda \\u00f3 cirug\\u00eda de lifting facial y su recuperaci\\u00f3n.<\\\/p>\\n<\\\/div>\",\"title\":\"\\u00bfTienes dudas sobre la cirug\\u00eda de Lifting Facial?\"}},{\"type\":\"grid_item\",\"props\":{\"content\":\"\n\n<p>Las mejores t\\u00e9cnicas quir\\u00fargicas y la seguridad de estar en manos de un Cirujano Pl\\u00e1stico Certificado experimentado y en continua actualizaci\\u00f3n. Adem\\u00e1s de instalaciones que garantizan tu total seguridad.<\\\/p>\",\"title\":\"Nuestras ventajas en la Ritidectom\\u00eda\"}}]}]}]}],\"name\":\"About\"},{\"type\":\"section\",\"props\":{\"animation\":\"fade\",\"image_position\":\"center-center\",\"padding\":\"xlarge\",\"style\":\"default\",\"title_breakpoint\":\"xl\",\"title_position\":\"top-left\",\"title_rotation\":\"left\",\"vertical_align\":\"middle\",\"width\":\"\"},\"children\":[{\"type\":\"row\",\"props\":{\"column_gap\":\"large\",\"layout\":\"1-2,1-2\",\"margin_remove_bottom\":true,\"row_gap\":\"large\",\"width\":\"large\"},\"children\":[{\"type\":\"column\",\"props\":{\"image_position\":\"center-center\",\"position_sticky_breakpoint\":\"m\",\"width_medium\":\"1-2\"},\"children\":[{\"type\":\"headline\",\"props\":{\"content\":\"Beneficios de la Cirug\\u00eda de Lifting Facial\",\"text_align\":\"left\",\"title_element\":\"h2\",\"title_style\":\"heading-medium\"}}]},{\"type\":\"column\",\"props\":{\"image_position\":\"center-center\",\"position_sticky_breakpoint\":\"m\",\"width_medium\":\"1-2\"},\"children\":[{\"type\":\"grid\",\"props\":{\"content_column_breakpoint\":\"m\",\"filter_align\":\"left\",\"filter_all\":true,\"filter_grid_breakpoint\":\"m\",\"filter_grid_width\":\"auto\",\"filter_position\":\"top\",\"filter_style\":\"tab\",\"grid_default\":\"1\",\"grid_divider\":true,\"grid_medium\":\"\",\"icon_width\":80,\"image_align\":\"top\",\"image_grid_breakpoint\":\"m\",\"image_grid_width\":\"1-2\",\"image_svg_color\":\"emphasis\",\"item_animation\":true,\"link_style\":\"default\",\"link_text\":\"Read more\",\"margin\":\"default\",\"meta_align\":\"below-title\",\"meta_element\":\"div\",\"meta_style\":\"text-meta\",\"show_content\":true,\"show_image\":true,\"show_link\":true,\"show_meta\":true,\"show_title\":true,\"title_align\":\"top\",\"title_decoration\":\"bullet\",\"title_element\":\"h3\",\"title_grid_breakpoint\":\"m\",\"title_grid_width\":\"1-2\",\"title_hover_style\":\"reset\"},\"children\":[{\"type\":\"grid_item\",\"props\":{\"content\":\"\",\"title\":\"Levantamiento del tejido facial\"}},{\"type\":\"grid_item\",\"props\":{\"content\":\"\",\"title\":\"Elimina l\\u00edneas finas de expresi\\u00f3n\"}},{\"type\":\"grid_item\",\"props\":{\"title\":\"Levantamiento del tejido facial\"}},{\"type\":\"grid_item\",\"props\":{\"title\":\"Aumenta tu seguridad y confianza\"}},{\"type\":\"grid_item\",\"props\":{\"title\":\"Brinda un aspecto de juventud\"}},{\"type\":\"grid_item\",\"props\":{\"title\":\"Resultados que duran de 5 a 10 a\\u00f1os\"}},{\"type\":\"grid_item\",\"props\":{\"title\":\"R\\u00e1pida recuperaci\\u00f3n\"}}]}]}]}],\"name\":\"About\"},{\"type\":\"section\",\"props\":{\"image_position\":\"center-center\",\"padding\":\"xsmall\",\"padding_remove_top\":true,\"style\":\"default\",\"title_breakpoint\":\"xl\",\"title_position\":\"top-left\",\"title_rotation\":\"left\",\"vertical_align\":\"middle\",\"width\":\"default\"},\"children\":[{\"type\":\"row\",\"children\":[{\"type\":\"column\",\"props\":{\"image_position\":\"center-center\",\"position_sticky_breakpoint\":\"m\"},\"children\":[{\"type\":\"headline\",\"props\":{\"content\":\"LO QUE DEBES SABER SOBRE LA CIRUG\\u00cdA DE LIFTING FACIAL\",\"text_align\":\"center\",\"title_element\":\"h1\",\"title_style\":\"h2\"}}]}]}]},{\"type\":\"section\",\"props\":{\"html_element\":\"header\",\"image_position\":\"center-center\",\"padding_remove_top\":false,\"style\":\"default\",\"title\":\"Lo que debes saber sobre implantes mamarios\",\"title_breakpoint\":\"xl\",\"title_position\":\"top-left\",\"title_rotation\":\"left\",\"vertical_align\":\"middle\",\"width\":\"default\"},\"children\":[{\"type\":\"row\",\"children\":[{\"type\":\"column\",\"props\":{\"image_position\":\"center-center\",\"position_sticky_breakpoint\":\"m\"},\"children\":[{\"type\":\"grid\",\"props\":{\"content_column_breakpoint\":\"m\",\"filter_align\":\"left\",\"filter_all\":true,\"filter_grid_breakpoint\":\"m\",\"filter_grid_width\":\"auto\",\"filter_position\":\"top\",\"filter_style\":\"tab\",\"grid_default\":\"1\",\"grid_divider\":true,\"grid_medium\":\"3\",\"icon_width\":80,\"image_align\":\"top\",\"image_grid_breakpoint\":\"m\",\"image_grid_width\":\"1-2\",\"image_svg_color\":\"emphasis\",\"item_animation\":true,\"link_style\":\"default\",\"link_text\":\"Read more\",\"margin\":\"default\",\"meta_align\":\"below-title\",\"meta_element\":\"div\",\"meta_style\":\"text-meta\",\"show_content\":true,\"show_image\":true,\"show_link\":true,\"show_meta\":true,\"show_title\":true,\"title_align\":\"top\",\"title_color\":\"background\",\"title_element\":\"h3\",\"title_grid_breakpoint\":\"m\",\"title_grid_width\":\"1-2\",\"title_hover_style\":\"reset\",\"title_style\":\"h4\"},\"children\":[{\"type\":\"grid_item\",\"props\":{\"content\":\"\n\n<p>La cirug\\u00eda de lifting facial dura de 2 a 4 horas.<\\\/p>\",\"title\":\"Tiempo de Cirug\\u00eda de Lifting Facial\"}},{\"type\":\"grid_item\",\"props\":{\"content\":\"\n\n<p>Cirug\\u00eda ambulatoria<\\\/p>\",\"title\":\"Tiempo de Hospitalizaci\\u00f3n\"}},{\"type\":\"grid_item\",\"props\":{\"content\":\"\n\n<p>Usualmente se utiliza anestesia local con sedaci\\u00f3n general<\\\/p>\",\"title\":\"Tipo de anestesia en una Ritidectom\\u00eda\"}},{\"type\":\"grid_item\",\"props\":{\"content\":\"\n\n<p>Utilizaci\\u00f3n de vendaje en el rostro que ser\\u00e1 retirado a las 24 horas por el cirujano<\\\/p>\",\"title\":\"Cuidados en una Cirug\\u00eda de Lifting Facial\"}},{\"type\":\"grid_item\",\"props\":{\"content\":\"\n\n<p>Presenta dolor moderado y cicatrices dif\\u00edcilmente perceptibles<\\\/p>\",\"title\":\"Es dolorosa?\"}},{\"type\":\"grid_item\",\"props\":{\"content\":\"\n\n<p>Resuelve toda tus dudas y recibe un presupuesto personalizadoen la consulta de valoraci\\u00f3n.<\\\/p>\",\"title\":\"Precios de una Cirug\\u00eda de Lifting Facial\"}}]}]}]}]}],\"version\":\"4.3.7\"} --><\/p>\n","protected":false},"excerpt":{"rendered":"<p>Ritidectom\u00edaLifting Facial Ritidecto-m\u00edaLifting Facial Resultados arm\u00f3nicos y naturales. Tu seguridad en manos de un Cirujano Pl\u00e1stico Certificado Resultados arm\u00f3nicos y naturales. Tu seguridad en manos de un Cirujano Pl\u00e1stico Certificado TODO INCLUIDO Cirug\u00eda, quir\u00f3fano, honorarios m\u00e9dicos Consultas y controles post-quir\u00fargicos Cirug\u00eda, quir\u00f3fano, honorarios m\u00e9dicos Consultas y controles post-quir\u00fargicos Reserva tu Consulta de Valoraci\u00f3n Reserva tu [&hellip;]<\/p>\n","protected":false},"author":1,"featured_media":0,"parent":0,"menu_order":0,"comment_status":"closed","ping_status":"closed","template":"","meta":{"_acf_changed":false,"_jet_sm_ready_style":"","_jet_sm_style":"","_jet_sm_controls_values":"","_jet_sm_fonts_collection":"","_jet_sm_fonts_links":"","footnotes":""},"class_list":["post-2123","page","type-page","status-publish","hentry"],"acf":[],"_links":{"self":[{"href":"https:\/\/www.liposuccioncdmx.com\/index.php?rest_route=\/wp\/v2\/pages\/2123","targetHints":{"allow":["GET"]}}],"collection":[{"href":"https:\/\/www.liposuccioncdmx.com\/index.php?rest_route=\/wp\/v2\/pages"}],"about":[{"href":"https:\/\/www.liposuccioncdmx.com\/index.php?rest_route=\/wp\/v2\/types\/page"}],"author":[{"embeddable":true,"href":"https:\/\/www.liposuccioncdmx.com\/index.php?rest_route=\/wp\/v2\/users\/1"}],"replies":[{"embeddable":true,"href":"https:\/\/www.liposuccioncdmx.com\/index.php?rest_route=%2Fwp%2Fv2%2Fcomments&post=2123"}],"version-history":[{"count":48,"href":"https:\/\/www.liposuccioncdmx.com\/index.php?rest_route=\/wp\/v2\/pages\/2123\/revisions"}],"predecessor-version":[{"id":2640,"href":"https:\/\/www.liposuccioncdmx.com\/index.php?rest_route=\/wp\/v2\/pages\/2123\/revisions\/2640"}],"wp:attachment":[{"href":"https:\/\/www.liposuccioncdmx.com\/index.php?rest_route=%2Fwp%2Fv2%2Fmedia&parent=2123"}],"curies":[{"name":"wp","href":"https:\/\/api.w.org\/{rel}","templated":true}]}}