{"id":2114,"date":"2024-03-15T17:48:26","date_gmt":"2024-03-15T17:48:26","guid":{"rendered":"https:\/\/www.liposuccioncdmx.com\/?page_id=2114"},"modified":"2024-04-22T17:00:17","modified_gmt":"2024-04-22T17:00:17","slug":"aumento-mamario","status":"publish","type":"page","link":"https:\/\/www.liposuccioncdmx.com\/?page_id=2114","title":{"rendered":"Aumento mamario"},"content":{"rendered":"<h1>Cirug\u00eda de <br \/>Aumento<br \/>Mamario<\/h1>\n<h1>Cirug\u00eda de <br \/>Aumento<br \/>Mamario<\/h1>\n<div>Resultados arm\u00f3nicos y naturales. Tu seguridad en manos de un Cirujano Pl\u00e1stico Certificado<\/div>\n<div>Resultados arm\u00f3nicos y naturales. Tu seguridad en manos de un Cirujano Pl\u00e1stico Certificado<\/div>\n<div>TODO INCLUIDO<\/div>\n<div>Implantes, cirug\u00eda, quir\u00f3fano, honorarios m\u00e9dicos Consultas y controles post-quir\u00fargicos<\/div>\n<div>Implantes, cirug\u00eda, quir\u00f3fano, honorarios m\u00e9dicos Consultas y controles post-quir\u00fargicos<\/div>\n<p>\n    <a href=\"mailto:info@example.com\">Reserva tu Consulta de Valoraci\u00f3n<\/a>\n<\/p>\n<p>\n    <a href=\"mailto:info@example.com\">Reserva tu Consulta de Valoraci\u00f3n<\/a>\n<\/p>\n<h2>Aumento Mamario en CDMX.<\/h2>\n<p><img decoding=\"async\" src=\"\/wp-content\/uploads\/2024\/03\/aumento-mamario-en-cdmx-2024.jpg\" alt=\"aumento mamario en cdmx  precio 2024\"><\/p>\n<h3>Implantes mamarios<\/h3>\n<div>Creamos armon\u00eda corporal<\/div>\n<div>\n<div class=\"sppb-addon-content\">\n<p><em>Los implantes mamarios<\/em> son ideales si no est\u00e1s satisfecha con el tama\u00f1o de tus senos, o si han cambiado su apariencia por el paso del tiempo, embarazos o lactancia&#8230;<\/p>\n<p>Ll\u00e1manos hoy mismo y agenda tu consulta de valoraci\u00f3n para <strong>implantes mamarios en CDMX<\/strong> con el Dr. Xavier S\u00e1nchez, Cirujano Pl\u00e1stico Certificado.\u00a0<\/p>\n<p>Te ayudar\u00e1 a conocer tus opciones y te explicar\u00e1 todos los detalles de la cirug\u00eda de aumento mamario y su recuperaci\u00f3n.<\/p>\n<\/div>\n<\/div>\n<div>\n<div>\n<p>Costo de implantes mamarios en CDMX | Agenda tu valoraci\u00f3n y recibe presupuesto.<\/p>\n<\/div>\n<\/div>\n<h2>Cirug\u00eda de Aumento<br \/>Mamario en CDMX<\/h2>\n<ul>\n<li>\n<h3>Ventajas de implantes mamarios<\/h3>\n<div>\n<div class=\"sppb-addon-content\">\n<p>Las mejores t\u00e9cnicas quir\u00fargicas, los mejores materiales y garant\u00edas en implantes mamarios, la seguridad de estar en manos de un Cirujano Pl\u00e1stico Certificado experimentado y en continua actualizaci\u00f3n. Adem\u00e1s de instalaciones que garantizan tu total seguridad.<\/p>\n<\/div>\n<\/div>\n<\/li>\n<li>\n<h3>Beneficios de implantes mamarios<\/h3>\n<div>\n<ol>\n<li>Aumenta el tama\u00f1o de los senos<\/li>\n<li>Mejora la apariencia de los senos<\/li>\n<li>Corrige asimetr\u00edas en el tama\u00f1o de los senos<\/li>\n<li>Aumenta la autoestima del paciente<\/li>\n<li>Resultados arm\u00f3nicos, naturales y permanentes<\/li>\n<li>R\u00e1pida recuperaci\u00f3n<\/li>\n<\/ol>\n<\/div>\n<\/li>\n<\/ul>\n<h1>LO QUE DEBES SABER SOBRE IMPLANTES MAMARIOS<\/h1>\n<ul>\n<li>\n<h3>Tiempo de Cirug\u00eda de Implantes Mamarios<\/h3>\n<div>\n<p>La cirug\u00eda de implantes de mama tiene una duraci\u00f3n m\u00e1xima de 1 a 2 horas.<\/p>\n<\/div>\n<\/li>\n<li>\n<h3>Tiempo de Hospitalizaci\u00f3n<\/h3>\n<div>\n<p>Por tratarse de una cirug\u00eda ambulatoria, la colocaci\u00f3n de implantes mamarios no requiere hospitalizaci\u00f3n.<\/p>\n<\/div>\n<\/li>\n<li>\n<h3>Beneficios del aumento de senos<\/h3>\n<div>\n<p>Mejora la apariencia f\u00edsica aumentando el tama\u00f1o de los senos para crear armon\u00eda con el resto de tu cuerpo, tambi\u00e9n aumenta la autoestima de la paciente.<\/p>\n<\/div>\n<\/li>\n<li>\n<h3>Tiempo de recuperaci\u00f3n de implantes mamarios<\/h3>\n<div>\n<p>Despu\u00e9s de la colocaci\u00f3n de implantes mamarios, tendr\u00e1s una apariencia normal. Y despu\u00e9s de 6 semanas disminuir\u00e1 la inflamaci\u00f3n. Las cicatrices desaparecer\u00e1n de 6 a 12 meses.<\/p>\n<\/div>\n<\/li>\n<li>\n<h3>Anestesia<\/h3>\n<div>\n<p>En una cirug\u00eda de aumento mamario puede elegirse entre la anestesia local y la anestesia general. Es importante evaluarlo con tu cirujano.<\/p>\n<\/div>\n<\/li>\n<li>\n<h3>Candidatos a implantes mamarios<\/h3>\n<div>\n<p>Son candidatas a la cirug\u00eda de aumento mamario las mujeres mayores de 18 a\u00f1os insatisfechas con el tama\u00f1o o forma de sus senos.<\/p>\n<\/div>\n<\/li>\n<li>\n<h3>Resultados permanentes<\/h3>\n<div>\n<p>Regularmente los resultados de una cirug\u00eda de aumento de senos son permanentes. En raras ocasiones se presenta la necesidad de reemplazar las pr\u00f3tesis.<\/p>\n<\/div>\n<\/li>\n<li>\n<h3>Reacciones secundarias<\/h3>\n<div>\n<p>De forma temporal, la paciente puede experimentar Sensaci\u00f3n de dolor, hinchaz\u00f3n y moretones. En pocos casos puede presentar ardor en los pezones, piel seca en los senos.<\/p>\n<\/div>\n<\/li>\n<li>\n<h3>Precio de implantes mamarios<\/h3>\n<div>\n<p>Para tener un presupuesto personalizado a las necesidades individuales de cada pacientes es necesario asistir a una consulta de valoraci\u00f3n.<\/p>\n<\/div>\n<\/li>\n<\/ul>\n<p><!--more--><br \/>\n<!-- {\"type\":\"layout\",\"children\":[{\"type\":\"section\",\"props\":{\"animation\":\"fade\",\"header_transparent\":false,\"header_transparent_noplaceholder\":false,\"image\":\"wp-content\\\/uploads\\\/2024\\\/03\\\/aumento-mamario-cdmx-2024.jpg\",\"image_effect\":\"parallax\",\"image_loading\":true,\"image_parallax_bgy\":\"40vh\",\"image_position\":\"center-center\",\"image_size\":\"cover\",\"image_width\":\"2560\",\"media_overlay\":\"rgba(0, 0, 0, 0.75)\",\"media_overlay_parallax_opacity\":\"0,1\",\"padding\":\"xlarge\",\"padding_remove_bottom\":false,\"padding_remove_top\":true,\"style\":\"default\",\"text_color\":\"light\",\"title_breakpoint\":\"xl\",\"title_position\":\"top-left\",\"title_rotation\":\"left\",\"vertical_align\":\"\",\"width\":\"expand\"},\"children\":[{\"type\":\"row\",\"children\":[{\"type\":\"column\",\"props\":{\"image_position\":\"center-center\",\"position_sticky_breakpoint\":\"m\",\"vertical_align\":\"middle\"},\"children\":[{\"type\":\"headline\",\"props\":{\"animation\":\"none\",\"content\":\"Cirug\\u00eda de <br \\\/>Aumento<br \\\/>Mamario\",\"title_color\":\"background\",\"title_element\":\"h1\",\"title_style\":\"heading-xlarge\",\"visibility\":\"s\"}},{\"type\":\"headline\",\"props\":{\"animation\":\"none\",\"content\":\"Cirug\\u00eda de <br \\\/>Aumento<br \\\/>Mamario\",\"title_color\":\"background\",\"title_element\":\"h1\",\"title_style\":\"heading-xlarge\",\"visibility\":\"hidden-s\"}}]}],\"props\":{\"height\":\"viewport\",\"height_offset_top\":true,\"margin\":\"remove-vertical\",\"margin_remove_top\":false}},{\"type\":\"row\",\"props\":{\"margin\":\"remove-vertical\"},\"children\":[{\"type\":\"column\",\"props\":{\"image_position\":\"center-center\",\"position_sticky_breakpoint\":\"m\"},\"children\":[{\"type\":\"headline\",\"props\":{\"animation\":\"none\",\"content\":\"Resultados arm\\u00f3nicos y naturales. Tu seguridad en manos de un Cirujano Pl\\u00e1stico Certificado\",\"margin\":\"medium\",\"maxwidth\":\"2xlarge\",\"title_element\":\"div\",\"title_style\":\"h2\",\"visibility\":\"s\"}},{\"type\":\"headline\",\"props\":{\"animation\":\"none\",\"content\":\"Resultados arm\\u00f3nicos y naturales. Tu seguridad en manos de un Cirujano Pl\\u00e1stico Certificado\",\"margin\":\"medium\",\"maxwidth\":\"2xlarge\",\"title_element\":\"div\",\"title_style\":\"h3\",\"visibility\":\"hidden-s\"}}]}]},{\"type\":\"row\",\"props\":{\"css\":\"@media(min-width: 1200px) {\\n    .el-row { margin-top: 50vh!important; }\\n}\",\"layout\":\"3-5,2-5\",\"margin\":\"xlarge\",\"row_gap\":\"large\"},\"children\":[{\"type\":\"column\",\"props\":{\"image_position\":\"center-center\",\"position_sticky_breakpoint\":\"m\",\"width_xlarge\":\"expand\"}},{\"type\":\"column\",\"props\":{\"image_position\":\"center-center\",\"position_sticky_breakpoint\":\"m\",\"width_xlarge\":\"2-5\"},\"children\":[{\"type\":\"headline\",\"props\":{\"block_align\":\"center\",\"block_align_breakpoint\":\"xl\",\"content\":\"TODO INCLUIDO\",\"margin\":\"remove-vertical\",\"maxwidth\":\"xlarge\",\"title_color\":\"background\",\"title_element\":\"div\",\"title_style\":\"heading-medium\"}},{\"type\":\"headline\",\"props\":{\"block_align\":\"center\",\"block_align_breakpoint\":\"xl\",\"content\":\"Implantes, cirug\\u00eda, quir\\u00f3fano, honorarios m\\u00e9dicos Consultas y controles post-quir\\u00fargicos\",\"margin\":\"small\",\"margin_remove_bottom\":true,\"maxwidth\":\"xlarge\",\"title_element\":\"div\",\"title_style\":\"h1\",\"visibility\":\"s\"}},{\"type\":\"headline\",\"props\":{\"block_align\":\"center\",\"block_align_breakpoint\":\"xl\",\"content\":\"Implantes, cirug\\u00eda, quir\\u00f3fano, honorarios m\\u00e9dicos Consultas y controles post-quir\\u00fargicos\",\"margin\":\"small\",\"margin_remove_bottom\":true,\"maxwidth\":\"xlarge\",\"title_element\":\"div\",\"title_style\":\"h2\",\"visibility\":\"hidden-s\"}},{\"type\":\"button\",\"props\":{\"block_align\":\"center\",\"block_align_breakpoint\":\"xl\",\"button_size\":\"large\",\"fullwidth\":true,\"grid_column_gap\":\"small\",\"grid_row_gap\":\"small\",\"margin\":\"large\",\"maxwidth\":\"xlarge\",\"visibility\":\"s\"},\"children\":[{\"type\":\"button_item\",\"props\":{\"button_style\":\"default\",\"content\":\"Reserva tu Consulta de Valoraci\\u00f3n\",\"icon_align\":\"left\",\"link\":\"mailto:info@example.com\"}}]},{\"type\":\"button\",\"props\":{\"block_align\":\"center\",\"block_align_breakpoint\":\"l\",\"fullwidth\":true,\"grid_column_gap\":\"small\",\"grid_row_gap\":\"small\",\"margin\":\"large\",\"maxwidth\":\"large\",\"visibility\":\"hidden-s\"},\"children\":[{\"type\":\"button_item\",\"props\":{\"button_style\":\"default\",\"content\":\"Reserva tu Consulta de Valoraci\\u00f3n\",\"icon_align\":\"left\",\"link\":\"mailto:info@example.com\"}}]}]}]}],\"name\":\"Hero\"},{\"type\":\"section\",\"props\":{\"animation\":\"fade\",\"id\":\"team\",\"image_position\":\"center-center\",\"padding\":\"large\",\"padding_remove_bottom\":true,\"style\":\"default\",\"title_breakpoint\":\"xl\",\"title_position\":\"top-left\",\"title_rotation\":\"left\",\"vertical_align\":\"middle\",\"width\":\"expand\"},\"children\":[{\"type\":\"row\",\"children\":[{\"type\":\"column\",\"props\":{\"image_position\":\"center-center\",\"position_sticky_breakpoint\":\"m\"},\"children\":[{\"type\":\"headline\",\"props\":{\"content\":\"Aumento Mamario en CDMX.\",\"margin\":\"default\",\"title_element\":\"h2\",\"title_style\":\"heading-medium\"}}]}],\"props\":{\"margin\":\"xlarge\"}},{\"type\":\"row\",\"props\":{\"column_gap\":\"large\",\"layout\":\"1-2,1-2\",\"margin\":\"medium\",\"row_gap\":\"large\",\"width\":\"expand\"},\"children\":[{\"type\":\"column\",\"props\":{\"image_position\":\"center-center\",\"order_first\":\"xs\",\"position_sticky_breakpoint\":\"m\",\"width_medium\":\"1-2\"},\"children\":[{\"type\":\"image\",\"props\":{\"animation\":\"none\",\"image\":\"wp-content\\\/uploads\\\/2024\\\/03\\\/aumento-mamario-en-cdmx-2024.jpg\",\"image_alt\":\"aumento mamario en cdmx  precio 2024\",\"image_svg_color\":\"emphasis\",\"image_width\":\"1230\",\"margin\":\"default\",\"text_color\":\"light\"}}]},{\"type\":\"column\",\"props\":{\"image_position\":\"center-center\",\"position_sticky_breakpoint\":\"m\",\"vertical_align\":\"middle\",\"width_medium\":\"1-2\"},\"children\":[{\"type\":\"headline\",\"props\":{\"animation\":\"parallax\",\"block_align\":\"center\",\"content\":\"Implantes mamarios\",\"margin\":\"small\",\"maxwidth\":\"large\",\"parallax_breakpoint\":\"m\",\"parallax_y\":\"100,-100\",\"title_element\":\"h3\",\"title_style\":\"heading-medium\"}},{\"type\":\"headline\",\"props\":{\"animation\":\"parallax\",\"block_align\":\"center\",\"content\":\"Creamos armon\\u00eda corporal\",\"margin\":\"large\",\"margin_remove_top\":true,\"maxwidth\":\"large\",\"parallax_breakpoint\":\"m\",\"parallax_y\":\"100,-100\",\"title_color\":\"muted\",\"title_element\":\"div\",\"title_style\":\"h3\"}},{\"type\":\"text\",\"props\":{\"animation\":\"parallax\",\"block_align\":\"center\",\"column_breakpoint\":\"m\",\"content\":\"\n\n<div class=\\\"sppb-addon-content\\\">\\n\n\n<p><em>Los implantes mamarios<\\\/em> son ideales si no est\\u00e1s satisfecha con el tama\\u00f1o de tus senos, o si han cambiado su apariencia por el paso del tiempo, embarazos o lactancia...<br \\\/><br \\\/>Ll\\u00e1manos hoy mismo y agenda tu consulta de valoraci\\u00f3n para <strong>implantes mamarios en CDMX<\\\/strong> con el Dr. Xavier S\\u00e1nchez, Cirujano Pl\\u00e1stico Certificado.\\u00a0<\\\/p>\\n\n\n<p>Te ayudar\\u00e1 a conocer tus opciones y te explicar\\u00e1 todos los detalles de la cirug\\u00eda de aumento mamario y su recuperaci\\u00f3n.<\\\/p>\\n<\\\/div>\",\"margin\":\"large\",\"margin_remove_top\":true,\"maxwidth\":\"large\",\"parallax_breakpoint\":\"m\",\"parallax_y\":\"100,-100\"}},{\"type\":\"list\",\"props\":{\"animation\":\"parallax\",\"block_align\":\"center\",\"column_breakpoint\":\"m\",\"content_style\":\"h5\",\"image_align\":\"left\",\"image_svg_color\":\"emphasis\",\"image_vertical_align\":true,\"list_element\":\"ul\",\"list_horizontal_separator\":\", \",\"list_type\":\"horizontal\",\"margin\":\"default\",\"maxwidth\":\"large\",\"parallax_breakpoint\":\"m\",\"parallax_y\":\"100,-100\",\"show_image\":true,\"show_link\":true},\"children\":[{\"type\":\"list_item\",\"props\":{\"content\":\"\n\n<p>Costo de implantes mamarios en CDMX | Agenda tu valoraci\\u00f3n y recibe presupuesto.<\\\/p>\"}}]}]}]}],\"name\":\"Modulo imagen texto\"},{\"type\":\"section\",\"props\":{\"animation\":\"fade\",\"image_position\":\"center-center\",\"padding\":\"xlarge\",\"style\":\"default\",\"title_breakpoint\":\"xl\",\"title_position\":\"top-left\",\"title_rotation\":\"left\",\"vertical_align\":\"middle\",\"width\":\"\"},\"children\":[{\"type\":\"row\",\"props\":{\"column_gap\":\"large\",\"layout\":\"1-2,1-2\",\"margin_remove_bottom\":true,\"row_gap\":\"large\",\"width\":\"large\"},\"children\":[{\"type\":\"column\",\"props\":{\"image_position\":\"center-center\",\"position_sticky_breakpoint\":\"m\",\"width_medium\":\"1-2\"},\"children\":[{\"type\":\"headline\",\"props\":{\"content\":\"Cirug\\u00eda de Aumento<br \\\/>Mamario en CDMX\",\"text_align\":\"left\",\"title_element\":\"h2\",\"title_style\":\"heading-medium\"}}]},{\"type\":\"column\",\"props\":{\"image_position\":\"center-center\",\"position_sticky_breakpoint\":\"m\",\"width_medium\":\"1-2\"},\"children\":[{\"type\":\"grid\",\"props\":{\"content_column_breakpoint\":\"m\",\"filter_align\":\"left\",\"filter_all\":true,\"filter_grid_breakpoint\":\"m\",\"filter_grid_width\":\"auto\",\"filter_position\":\"top\",\"filter_style\":\"tab\",\"grid_default\":\"1\",\"grid_divider\":true,\"grid_medium\":\"\",\"icon_width\":80,\"image_align\":\"top\",\"image_grid_breakpoint\":\"m\",\"image_grid_width\":\"1-2\",\"image_svg_color\":\"emphasis\",\"item_animation\":true,\"link_style\":\"default\",\"link_text\":\"Read more\",\"margin\":\"default\",\"meta_align\":\"below-title\",\"meta_element\":\"div\",\"meta_style\":\"text-meta\",\"show_content\":true,\"show_image\":true,\"show_link\":true,\"show_meta\":true,\"show_title\":true,\"title_align\":\"top\",\"title_decoration\":\"bullet\",\"title_element\":\"h3\",\"title_grid_breakpoint\":\"m\",\"title_grid_width\":\"1-2\",\"title_hover_style\":\"reset\"},\"children\":[{\"type\":\"grid_item\",\"props\":{\"content\":\"\n\n<div class=\\\"sppb-addon-content\\\">\\n\n\n<p>Las mejores t\\u00e9cnicas quir\\u00fargicas, los mejores materiales y garant\\u00edas en implantes mamarios, la seguridad de estar en manos de un Cirujano Pl\\u00e1stico Certificado experimentado y en continua actualizaci\\u00f3n. Adem\\u00e1s de instalaciones que garantizan tu total seguridad.<\\\/p>\\n<\\\/div>\",\"title\":\"Ventajas de implantes mamarios\"}},{\"type\":\"grid_item\",\"props\":{\"content\":\"\n\n<ol>\\n\n\n<li>Aumenta el tama\\u00f1o de los senos<\\\/li>\\n\n\n<li>Mejora la apariencia de los senos<\\\/li>\\n\n\n<li>Corrige asimetr\\u00edas en el tama\\u00f1o de los senos<\\\/li>\\n\n\n<li>Aumenta la autoestima del paciente<\\\/li>\\n\n\n<li>Resultados arm\\u00f3nicos, naturales y permanentes<\\\/li>\\n\n\n<li>R\\u00e1pida recuperaci\\u00f3n<\\\/li>\\n<\\\/ol>\",\"title\":\"Beneficios de implantes mamarios\"}}]}]}]}],\"name\":\"About\"},{\"type\":\"section\",\"props\":{\"image_position\":\"center-center\",\"padding\":\"xsmall\",\"padding_remove_top\":true,\"style\":\"default\",\"title_breakpoint\":\"xl\",\"title_position\":\"top-left\",\"title_rotation\":\"left\",\"vertical_align\":\"middle\",\"width\":\"default\"},\"children\":[{\"type\":\"row\",\"children\":[{\"type\":\"column\",\"props\":{\"image_position\":\"center-center\",\"position_sticky_breakpoint\":\"m\"},\"children\":[{\"type\":\"headline\",\"props\":{\"content\":\"LO QUE DEBES SABER SOBRE IMPLANTES MAMARIOS\",\"text_align\":\"center\",\"title_color\":\"emphasis\",\"title_element\":\"h1\",\"title_style\":\"h2\"}}]}]}]},{\"type\":\"section\",\"props\":{\"html_element\":\"header\",\"image_position\":\"center-center\",\"style\":\"default\",\"title\":\"Lo que debes saber sobre implantes mamarios\",\"title_breakpoint\":\"xl\",\"title_position\":\"top-left\",\"title_rotation\":\"left\",\"vertical_align\":\"middle\",\"width\":\"default\"},\"children\":[{\"type\":\"row\",\"children\":[{\"type\":\"column\",\"props\":{\"image_position\":\"center-center\",\"position_sticky_breakpoint\":\"m\"},\"children\":[{\"type\":\"grid\",\"props\":{\"content_column_breakpoint\":\"m\",\"filter_align\":\"left\",\"filter_all\":true,\"filter_grid_breakpoint\":\"m\",\"filter_grid_width\":\"auto\",\"filter_position\":\"top\",\"filter_style\":\"tab\",\"grid_default\":\"1\",\"grid_divider\":true,\"grid_medium\":\"3\",\"icon_width\":80,\"image_align\":\"top\",\"image_grid_breakpoint\":\"m\",\"image_grid_width\":\"1-2\",\"image_svg_color\":\"emphasis\",\"item_animation\":true,\"link_style\":\"default\",\"link_text\":\"Read more\",\"margin\":\"default\",\"meta_align\":\"below-title\",\"meta_element\":\"div\",\"meta_style\":\"text-meta\",\"show_content\":true,\"show_image\":true,\"show_link\":true,\"show_meta\":true,\"show_title\":true,\"title_align\":\"top\",\"title_color\":\"background\",\"title_element\":\"h3\",\"title_grid_breakpoint\":\"m\",\"title_grid_width\":\"1-2\",\"title_hover_style\":\"reset\",\"title_style\":\"h4\"},\"children\":[{\"type\":\"grid_item\",\"props\":{\"content\":\"\n\n<p>La cirug\\u00eda de implantes de mama tiene una duraci\\u00f3n m\\u00e1xima de 1 a 2 horas.<\\\/p>\",\"title\":\"Tiempo de Cirug\\u00eda de Implantes Mamarios\"}},{\"type\":\"grid_item\",\"props\":{\"content\":\"\n\n<p>Por tratarse de una cirug\\u00eda ambulatoria, la colocaci\\u00f3n de implantes mamarios no requiere hospitalizaci\\u00f3n.<\\\/p>\",\"title\":\"Tiempo de Hospitalizaci\\u00f3n\"}},{\"type\":\"grid_item\",\"props\":{\"content\":\"\n\n<p>Mejora la apariencia f\\u00edsica aumentando el tama\\u00f1o de los senos para crear armon\\u00eda con el resto de tu cuerpo, tambi\\u00e9n aumenta la autoestima de la paciente.<\\\/p>\",\"title\":\"Beneficios del aumento de senos\"}},{\"type\":\"grid_item\",\"props\":{\"content\":\"\n\n<p>Despu\\u00e9s de la colocaci\\u00f3n de implantes mamarios, tendr\\u00e1s una apariencia normal. Y despu\\u00e9s de 6 semanas disminuir\\u00e1 la inflamaci\\u00f3n. Las cicatrices desaparecer\\u00e1n de 6 a 12 meses.<\\\/p>\",\"title\":\"Tiempo de recuperaci\\u00f3n de implantes mamarios\"}},{\"type\":\"grid_item\",\"props\":{\"content\":\"\n\n<p>En una cirug\\u00eda de aumento mamario puede elegirse entre la anestesia local y la anestesia general. Es importante evaluarlo con tu cirujano.<\\\/p>\",\"title\":\"Anestesia\"}},{\"type\":\"grid_item\",\"props\":{\"content\":\"\n\n<p>Son candidatas a la cirug\\u00eda de aumento mamario las mujeres mayores de 18 a\\u00f1os insatisfechas con el tama\\u00f1o o forma de sus senos.<\\\/p>\",\"title\":\"Candidatos a implantes mamarios\"}},{\"type\":\"grid_item\",\"props\":{\"content\":\"\n\n<p>Regularmente los resultados de una cirug\\u00eda de aumento de senos son permanentes. En raras ocasiones se presenta la necesidad de reemplazar las pr\\u00f3tesis.<\\\/p>\",\"title\":\"Resultados permanentes\"}},{\"type\":\"grid_item\",\"props\":{\"content\":\"\n\n<p>De forma temporal, la paciente puede experimentar Sensaci\\u00f3n de dolor, hinchaz\\u00f3n y moretones. En pocos casos puede presentar ardor en los pezones, piel seca en los senos.<\\\/p>\",\"title\":\"Reacciones secundarias\"}},{\"type\":\"grid_item\",\"props\":{\"content\":\"\n\n<p>Para tener un presupuesto personalizado a las necesidades individuales de cada pacientes es necesario asistir a una consulta de valoraci\\u00f3n.<\\\/p>\",\"title\":\"Precio de implantes mamarios\"}}]}]}]}]}],\"version\":\"4.3.7\"} --><\/p>\n","protected":false},"excerpt":{"rendered":"<p>Cirug\u00eda de AumentoMamario Cirug\u00eda de AumentoMamario Resultados arm\u00f3nicos y naturales. Tu seguridad en manos de un Cirujano Pl\u00e1stico Certificado Resultados arm\u00f3nicos y naturales. Tu seguridad en manos de un Cirujano Pl\u00e1stico Certificado TODO INCLUIDO Implantes, cirug\u00eda, quir\u00f3fano, honorarios m\u00e9dicos Consultas y controles post-quir\u00fargicos Implantes, cirug\u00eda, quir\u00f3fano, honorarios m\u00e9dicos Consultas y controles post-quir\u00fargicos Reserva tu Consulta [&hellip;]<\/p>\n","protected":false},"author":1,"featured_media":0,"parent":0,"menu_order":0,"comment_status":"closed","ping_status":"closed","template":"","meta":{"_acf_changed":false,"_jet_sm_ready_style":"","_jet_sm_style":"","_jet_sm_controls_values":"","_jet_sm_fonts_collection":"","_jet_sm_fonts_links":"","footnotes":""},"class_list":["post-2114","page","type-page","status-publish","hentry"],"acf":[],"_links":{"self":[{"href":"https:\/\/www.liposuccioncdmx.com\/index.php?rest_route=\/wp\/v2\/pages\/2114","targetHints":{"allow":["GET"]}}],"collection":[{"href":"https:\/\/www.liposuccioncdmx.com\/index.php?rest_route=\/wp\/v2\/pages"}],"about":[{"href":"https:\/\/www.liposuccioncdmx.com\/index.php?rest_route=\/wp\/v2\/types\/page"}],"author":[{"embeddable":true,"href":"https:\/\/www.liposuccioncdmx.com\/index.php?rest_route=\/wp\/v2\/users\/1"}],"replies":[{"embeddable":true,"href":"https:\/\/www.liposuccioncdmx.com\/index.php?rest_route=%2Fwp%2Fv2%2Fcomments&post=2114"}],"version-history":[{"count":8,"href":"https:\/\/www.liposuccioncdmx.com\/index.php?rest_route=\/wp\/v2\/pages\/2114\/revisions"}],"predecessor-version":[{"id":2627,"href":"https:\/\/www.liposuccioncdmx.com\/index.php?rest_route=\/wp\/v2\/pages\/2114\/revisions\/2627"}],"wp:attachment":[{"href":"https:\/\/www.liposuccioncdmx.com\/index.php?rest_route=%2Fwp%2Fv2%2Fmedia&parent=2114"}],"curies":[{"name":"wp","href":"https:\/\/api.w.org\/{rel}","templated":true}]}}